{"id":589,"date":"2025-07-08T14:57:21","date_gmt":"2025-07-08T14:57:21","guid":{"rendered":"https:\/\/dev.archimedys.fr\/?page_id=589"},"modified":"2025-07-29T15:33:23","modified_gmt":"2025-07-29T15:33:23","slug":"pharmaceutique","status":"publish","type":"page","link":"https:\/\/archimedys.fr\/ro\/pharmaceutique\/","title":{"rendered":"Produse farmaceutice"},"content":{"rendered":"<div data-elementor-type=\"wp-page\" data-elementor-id=\"589\" class=\"elementor elementor-589\" data-elementor-post-type=\"page\">\n\t\t\t\t<div class=\"elementor-element elementor-element-41afd93 e-flex e-con-boxed e-con e-parent\" data-id=\"41afd93\" data-element_type=\"container\" data-e-type=\"container\" data-settings=\"{&quot;background_background&quot;:&quot;classic&quot;}\">\n\t\t\t\t\t<div class=\"e-con-inner\">\n\t\t<div class=\"elementor-element elementor-element-846359e e-con-full e-flex e-con e-child\" data-id=\"846359e\" data-element_type=\"container\" data-e-type=\"container\">\n\t\t\t\t<div class=\"elementor-element elementor-element-eda13e5 elementor-widget elementor-widget-heading\" data-id=\"eda13e5\" data-element_type=\"widget\" data-e-type=\"widget\" data-widget_type=\"heading.default\">\n\t\t\t\t<div class=\"elementor-widget-container\">\n\t\t\t\t\t<h1 class=\"elementor-heading-title elementor-size-default\">Industria farmaceutic\u0103 \u0219i Archimedys<\/h1>\t\t\t\t<\/div>\n\t\t\t\t<\/div>\n\t\t\t\t<\/div>\n\t\t\t\t\t<\/div>\n\t\t\t\t<\/div>\n\t\t<div class=\"elementor-element elementor-element-abf66ed e-flex e-con-boxed e-con e-parent\" data-id=\"abf66ed\" data-element_type=\"container\" data-e-type=\"container\" data-settings=\"{&quot;background_background&quot;:&quot;classic&quot;}\">\n\t\t\t\t\t<div class=\"e-con-inner\">\n\t\t<div class=\"elementor-element elementor-element-2ffcdb5 e-con-full e-flex e-con e-child\" data-id=\"2ffcdb5\" data-element_type=\"container\" data-e-type=\"container\">\n\t\t<div class=\"elementor-element elementor-element-b342c86 e-con-full e-flex e-con e-child\" data-id=\"b342c86\" data-element_type=\"container\" data-e-type=\"container\">\n\t\t\t\t<div class=\"elementor-element elementor-element-8ea75a2 elementor-widget elementor-widget-heading\" data-id=\"8ea75a2\" data-element_type=\"widget\" data-e-type=\"widget\" data-widget_type=\"heading.default\">\n\t\t\t\t<div class=\"elementor-widget-container\">\n\t\t\t\t\t<h2 class=\"elementor-heading-title elementor-size-default\">\u0218urubul Archimedys rezist\u0103 la abraziune \u0219i coroziune<\/h2>\t\t\t\t<\/div>\n\t\t\t\t<\/div>\n\t\t\t\t<div class=\"elementor-element elementor-element-e8f279a elementor-widget elementor-widget-text-editor\" data-id=\"e8f279a\" data-element_type=\"widget\" data-e-type=\"widget\" data-widget_type=\"text-editor.default\">\n\t\t\t\t<div class=\"elementor-widget-container\">\n\t\t\t\t\t\t\t\t\t<p class=\"cvGsUA direction-ltr align-center para-style-body\"><span class=\"OYPEnA font-feature-liga-off font-feature-clig-off font-feature-calt-off text-decoration-none text-strikethrough-none\">Pentru aplica\u021biile din industria farmaceutic\u0103, unde echipamentul dvs. este adesea expus la substan\u021be corozive, \u0219urubul nostru Archimedys este exact ceea ce ave\u021bi nevoie. De exemplu, \u00een produc\u021bia de medicamente sau solu\u021bii farmaceutice, acesta rezist\u0103 la coroziune, oferindu-v\u0103 o durabilitate mai mare \u0219i reduc\u00e2ndu-v\u0103 costurile de \u00eentre\u021binere.<\/span><\/p><p>\u00a0<\/p><p class=\"cvGsUA direction-ltr align-center para-style-body\"><span class=\"OYPEnA font-feature-liga-off font-feature-clig-off font-feature-calt-off text-decoration-none text-strikethrough-none\">U\u0219or de cur\u0103\u021bat, \u0219urubul Archimedys asigur\u0103 standarde stricte de igien\u0103, esen\u021biale pentru evitarea contamin\u0103rii \u00eencruci\u0219ate \u00een fabricarea produselor farmaceutice. De asemenea, exceleaz\u0103 \u00eentr-o gam\u0103 larg\u0103 de condi\u021bii de temperatur\u0103, func\u021bion\u00e2nd f\u0103r\u0103 \u00eenghe\u021b p\u00e2n\u0103 la -25\u00b0C, ceea ce \u00eel face potrivit pentru o varietate de medii, men\u021bin\u00e2nd \u00een acela\u0219i timp o performan\u021b\u0103 optim\u0103.<\/span><\/p><p>\u00a0<\/p><p class=\"cvGsUA direction-ltr align-center para-style-body\"><span class=\"OYPEnA font-feature-liga-off font-feature-clig-off font-feature-calt-off text-decoration-none text-strikethrough-none\">\u0218uruburile noastre U1 sunt perfect potrivite pentru acest tip de industrie.<\/span><\/p>\t\t\t\t\t\t\t\t<\/div>\n\t\t\t\t<\/div>\n\t\t<div class=\"elementor-element elementor-element-4f2c0a5 e-con-full e-flex e-con e-child\" data-id=\"4f2c0a5\" data-element_type=\"container\" data-e-type=\"container\">\n\t\t\t\t<div class=\"elementor-element elementor-element-7ef50fb elementor-align-center elementor-mobile-align-justify elementor-tablet-align-center elementor-widget-mobile__width-inherit elementor-widget elementor-widget-button\" data-id=\"7ef50fb\" data-element_type=\"widget\" data-e-type=\"widget\" data-widget_type=\"button.default\">\n\t\t\t\t<div class=\"elementor-widget-container\">\n\t\t\t\t\t\t\t\t\t<div class=\"elementor-button-wrapper\">\n\t\t\t\t\t<a class=\"elementor-button elementor-button-link elementor-size-sm\" href=\"https:\/\/archimedys.fr\/ro\/calculateur\/\">\n\t\t\t\t\t\t<span class=\"elementor-button-content-wrapper\">\n\t\t\t\t\t\t\t\t\t<span class=\"elementor-button-text\">Calcula\u021bi-mi tipul de \u0219urub<\/span>\n\t\t\t\t\t<\/span>\n\t\t\t\t\t<\/a>\n\t\t\t\t<\/div>\n\t\t\t\t\t\t\t\t<\/div>\n\t\t\t\t<\/div>\n\t\t\t\t<div class=\"elementor-element elementor-element-16bcd81 elementor-align-center elementor-mobile-align-justify elementor-tablet-align-center elementor-widget-mobile__width-inherit elementor-widget elementor-widget-global elementor-global-796 elementor-widget-button\" data-id=\"16bcd81\" data-element_type=\"widget\" data-e-type=\"widget\" data-widget_type=\"button.default\">\n\t\t\t\t<div class=\"elementor-widget-container\">\n\t\t\t\t\t\t\t\t\t<div class=\"elementor-button-wrapper\">\n\t\t\t\t\t<a class=\"elementor-button elementor-button-link elementor-size-sm\" href=\"https:\/\/app.archimedys.com\/\" target=\"_blank\">\n\t\t\t\t\t\t<span class=\"elementor-button-content-wrapper\">\n\t\t\t\t\t\t\t\t\t<span class=\"elementor-button-text\">Catalogul<\/span>\n\t\t\t\t\t<\/span>\n\t\t\t\t\t<\/a>\n\t\t\t\t<\/div>\n\t\t\t\t\t\t\t\t<\/div>\n\t\t\t\t<\/div>\n\t\t\t\t<\/div>\n\t\t\t\t<\/div>\n\t\t<div class=\"elementor-element elementor-element-6b9cf13 e-con-full e-flex e-con e-child\" data-id=\"6b9cf13\" data-element_type=\"container\" data-e-type=\"container\" data-settings=\"{&quot;background_background&quot;:&quot;classic&quot;}\">\n\t\t\t\t<\/div>\n\t\t\t\t<\/div>\n\t\t\t\t\t<\/div>\n\t\t\t\t<\/div>\n\t\t<div class=\"elementor-element elementor-element-bae464a e-flex e-con-boxed e-con e-parent\" data-id=\"bae464a\" data-element_type=\"container\" data-e-type=\"container\" data-settings=\"{&quot;background_background&quot;:&quot;classic&quot;}\">\n\t\t\t\t\t<div class=\"e-con-inner\">\n\t\t<div class=\"elementor-element elementor-element-b34f051 e-con-full e-flex e-con e-child\" data-id=\"b34f051\" data-element_type=\"container\" data-e-type=\"container\">\n\t\t\t\t<div class=\"elementor-element elementor-element-ae69cb4 elementor-widget elementor-widget-heading\" data-id=\"ae69cb4\" data-element_type=\"widget\" data-e-type=\"widget\" data-widget_type=\"heading.default\">\n\t\t\t\t<div class=\"elementor-widget-container\">\n\t\t\t\t\t<h2 class=\"elementor-heading-title elementor-size-default\">Exemple de aplica\u021bii Archimedys \u00een industria agricol\u0103<\/h2>\t\t\t\t<\/div>\n\t\t\t\t<\/div>\n\t\t\t\t<\/div>\n\t\t\t\t\t<\/div>\n\t\t\t\t<\/div>\n\t\t<div class=\"elementor-element elementor-element-c20e204 e-flex e-con-boxed e-con e-parent\" data-id=\"c20e204\" data-element_type=\"container\" data-e-type=\"container\" data-settings=\"{&quot;background_background&quot;:&quot;classic&quot;}\">\n\t\t\t\t\t<div class=\"e-con-inner\">\n\t\t<div class=\"elementor-element elementor-element-e9c2f8c e-con-full e-flex e-con e-child\" data-id=\"e9c2f8c\" data-element_type=\"container\" data-e-type=\"container\">\n\t\t\t\t<div class=\"elementor-element elementor-element-ae3ac30 elementor-posts--align-left elementor-grid-3 elementor-grid-tablet-2 elementor-grid-mobile-1 elementor-posts--thumbnail-top elementor-posts__hover-gradient elementor-widget elementor-widget-posts\" data-id=\"ae3ac30\" data-element_type=\"widget\" data-e-type=\"widget\" data-settings=\"{&quot;cards_row_gap&quot;:{&quot;unit&quot;:&quot;px&quot;,&quot;size&quot;:25,&quot;sizes&quot;:[]},&quot;cards_columns&quot;:&quot;3&quot;,&quot;cards_columns_tablet&quot;:&quot;2&quot;,&quot;cards_columns_mobile&quot;:&quot;1&quot;,&quot;cards_row_gap_tablet&quot;:{&quot;unit&quot;:&quot;px&quot;,&quot;size&quot;:&quot;&quot;,&quot;sizes&quot;:[]},&quot;cards_row_gap_mobile&quot;:{&quot;unit&quot;:&quot;px&quot;,&quot;size&quot;:&quot;&quot;,&quot;sizes&quot;:[]}}\" data-widget_type=\"posts.cards\">\n\t\t\t\t<div class=\"elementor-widget-container\">\n\t\t\t\t\t\t\t<div class=\"elementor-posts-container elementor-posts elementor-posts--skin-cards elementor-grid\" role=\"list\">\n\t\t\t\t<article class=\"elementor-post elementor-grid-item post-7056 post type-post status-publish format-standard has-post-thumbnail hentry category-non-classifiee\" role=\"listitem\">\n\t\t\t<div class=\"elementor-post__card\">\n\t\t\t\t<a class=\"elementor-post__thumbnail__link\" href=\"https:\/\/archimedys.fr\/ro\/convoyeur-essai\/\" tabindex=\"-1\" ><div class=\"elementor-post__thumbnail\"><img fetchpriority=\"high\" decoding=\"async\" width=\"768\" height=\"918\" src=\"https:\/\/archimedys.fr\/wp-content\/uploads\/2022\/01\/Un-covoyeur.jpg\" class=\"attachment-full size-full wp-image-7065\" alt=\"Simplifiez la conception de vos convoyeurs\" srcset=\"https:\/\/archimedys.fr\/wp-content\/uploads\/2022\/01\/Un-covoyeur.jpg 768w, https:\/\/archimedys.fr\/wp-content\/uploads\/2022\/01\/Un-covoyeur-251x300.jpg 251w\" sizes=\"(max-width: 768px) 100vw, 768px\" \/><\/div><\/a>\n\t\t\t\t<div class=\"elementor-post__text\">\n\t\t\t\t<p class=\"elementor-post__title\">\n\t\t\t<a href=\"https:\/\/archimedys.fr\/ro\/convoyeur-essai\/\" >\n\t\t\t\tUn transportor de testare pentru clien\u021bii Archimedys\u2122.\t\t\t<\/a>\n\t\t<\/p>\n\t\t\t\t<\/div>\n\t\t\t\t<div class=\"elementor-post__meta-data\">\n\t\t\t\t\t<span class=\"elementor-post-date\">\n\t\t\tianuarie 21, 2022\t\t<\/span>\n\t\t\t\t<\/div>\n\t\t\t\t\t<\/div>\n\t\t<\/article>\n\t\t\t\t<article class=\"elementor-post elementor-grid-item post-7040 post type-post status-publish format-standard has-post-thumbnail hentry category-non-classifiee\" role=\"listitem\">\n\t\t\t<div class=\"elementor-post__card\">\n\t\t\t\t<a class=\"elementor-post__thumbnail__link\" href=\"https:\/\/archimedys.fr\/ro\/archimedys-depoussierage\/\" tabindex=\"-1\" ><div class=\"elementor-post__thumbnail\"><img decoding=\"async\" width=\"768\" height=\"969\" src=\"https:\/\/archimedys.fr\/wp-content\/uploads\/2022\/01\/Archi-installe.jpg\" class=\"attachment-full size-full wp-image-7067\" alt=\"Simplifiez la conception de vos convoyeurs\" srcset=\"https:\/\/archimedys.fr\/wp-content\/uploads\/2022\/01\/Archi-installe.jpg 768w, https:\/\/archimedys.fr\/wp-content\/uploads\/2022\/01\/Archi-installe-238x300.jpg 238w\" sizes=\"(max-width: 768px) 100vw, 768px\" \/><\/div><\/a>\n\t\t\t\t<div class=\"elementor-post__text\">\n\t\t\t\t<p class=\"elementor-post__title\">\n\t\t\t<a href=\"https:\/\/archimedys.fr\/ro\/archimedys-depoussierage\/\" >\n\t\t\t\tArchimedys\u2122 instaleaz\u0103 echipamente de colectare a prafului\t\t\t<\/a>\n\t\t<\/p>\n\t\t\t\t<\/div>\n\t\t\t\t<div class=\"elementor-post__meta-data\">\n\t\t\t\t\t<span class=\"elementor-post-date\">\n\t\t\tianuarie 3, 2022\t\t<\/span>\n\t\t\t\t<\/div>\n\t\t\t\t\t<\/div>\n\t\t<\/article>\n\t\t\t\t<article class=\"elementor-post elementor-grid-item post-6975 post type-post status-publish format-standard has-post-thumbnail hentry category-non-classifiee\" role=\"listitem\">\n\t\t\t<div class=\"elementor-post__card\">\n\t\t\t\t<a class=\"elementor-post__thumbnail__link\" href=\"https:\/\/archimedys.fr\/ro\/transport-de-copeaux-metalliques-avec-archimedys\/\" tabindex=\"-1\" ><div class=\"elementor-post__thumbnail\"><img decoding=\"async\" width=\"587\" height=\"332\" src=\"https:\/\/archimedys.fr\/wp-content\/uploads\/2021\/07\/transport-copeaux.jpg\" class=\"attachment-full size-full wp-image-7229\" alt=\"Simplifiez la conception de vos convoyeurs\" srcset=\"https:\/\/archimedys.fr\/wp-content\/uploads\/2021\/07\/transport-copeaux.jpg 587w, https:\/\/archimedys.fr\/wp-content\/uploads\/2021\/07\/transport-copeaux-300x170.jpg 300w\" sizes=\"(max-width: 587px) 100vw, 587px\" \/><\/div><\/a>\n\t\t\t\t<div class=\"elementor-post__text\">\n\t\t\t\t<p class=\"elementor-post__title\">\n\t\t\t<a href=\"https:\/\/archimedys.fr\/ro\/transport-de-copeaux-metalliques-avec-archimedys\/\" >\n\t\t\t\tTransportul de a\u0219chii metalice cu Archimedys\u2122\t\t\t<\/a>\n\t\t<\/p>\n\t\t\t\t<\/div>\n\t\t\t\t<div class=\"elementor-post__meta-data\">\n\t\t\t\t\t<span class=\"elementor-post-date\">\n\t\t\tiulie 15, 2021\t\t<\/span>\n\t\t\t\t<\/div>\n\t\t\t\t\t<\/div>\n\t\t<\/article>\n\t\t\t\t<\/div>\n\t\t\n\t\t\t\t\t\t<\/div>\n\t\t\t\t<\/div>\n\t\t\t\t<div class=\"elementor-element elementor-element-a14db3c elementor-align-center elementor-tablet-align-center elementor-mobile-align-center elementor-widget elementor-widget-button\" data-id=\"a14db3c\" data-element_type=\"widget\" data-e-type=\"widget\" data-widget_type=\"button.default\">\n\t\t\t\t<div class=\"elementor-widget-container\">\n\t\t\t\t\t\t\t\t\t<div class=\"elementor-button-wrapper\">\n\t\t\t\t\t<a class=\"elementor-button elementor-button-link elementor-size-sm\" href=\"https:\/\/archimedys.fr\/ro\/realisations\/\">\n\t\t\t\t\t\t<span class=\"elementor-button-content-wrapper\">\n\t\t\t\t\t\t\t\t\t<span class=\"elementor-button-text\">A se vedea mai mult<\/span>\n\t\t\t\t\t<\/span>\n\t\t\t\t\t<\/a>\n\t\t\t\t<\/div>\n\t\t\t\t\t\t\t\t<\/div>\n\t\t\t\t<\/div>\n\t\t\t\t<\/div>\n\t\t\t\t\t<\/div>\n\t\t\t\t<\/div>\n\t\t\t\t<\/div>","protected":false},"excerpt":{"rendered":"<p>L\u2019industrie pharmaceutique et Archimedys La vis Archimedys r\u00e9siste \u00e0 l\u2019abrasion et \u00e0 la corrosion Pour vos applications dans l&rsquo;industrie pharmaceutique, o\u00f9 vos \u00e9quipements sont souvent expos\u00e9s \u00e0 des substances corrosives, notre vis Archimedys r\u00e9pond pr\u00e9cis\u00e9ment \u00e0 vos besoins. Par exemple,<\/p>","protected":false},"author":1,"featured_media":0,"parent":0,"menu_order":0,"comment_status":"closed","ping_status":"closed","template":"elementor_header_footer","meta":{"_acf_changed":false,"footnotes":""},"class_list":["post-589","page","type-page","status-publish","hentry"],"acf":[],"yoast_head":"<!-- This site is optimized with the Yoast SEO plugin v27.2 - https:\/\/yoast.com\/product\/yoast-seo-wordpress\/ -->\n<title>Pharmaceutique - Archimedys<\/title>\n<meta name=\"robots\" content=\"index, follow, max-snippet:-1, max-image-preview:large, max-video-preview:-1\" \/>\n<link rel=\"canonical\" href=\"https:\/\/archimedys.fr\/ro\/pharmaceutique\/\" \/>\n<meta property=\"og:locale\" content=\"ro_RO\" \/>\n<meta property=\"og:type\" content=\"article\" \/>\n<meta property=\"og:title\" content=\"Pharmaceutique - Archimedys\" \/>\n<meta property=\"og:description\" content=\"L\u2019industrie pharmaceutique et Archimedys La vis Archimedys r\u00e9siste \u00e0 l\u2019abrasion et \u00e0 la corrosion Pour vos applications dans l&rsquo;industrie pharmaceutique, o\u00f9 vos \u00e9quipements sont souvent expos\u00e9s \u00e0 des substances corrosives, notre vis Archimedys r\u00e9pond pr\u00e9cis\u00e9ment \u00e0 vos besoins. Par exemple,\" \/>\n<meta property=\"og:url\" content=\"https:\/\/archimedys.fr\/ro\/pharmaceutique\/\" \/>\n<meta property=\"og:site_name\" content=\"Archimedys\" \/>\n<meta property=\"article:modified_time\" content=\"2025-07-29T15:33:23+00:00\" \/>\n<meta name=\"twitter:card\" content=\"summary_large_image\" \/>\n<meta name=\"twitter:label1\" content=\"Timp estimat pentru citire\" \/>\n\t<meta name=\"twitter:data1\" content=\"1 minut\" \/>\n<script type=\"application\/ld+json\" class=\"yoast-schema-graph\">{\"@context\":\"https:\/\/schema.org\",\"@graph\":[{\"@type\":\"WebPage\",\"@id\":\"https:\/\/archimedys.fr\/fi\/pharmaceutique\/\",\"url\":\"https:\/\/archimedys.fr\/fi\/pharmaceutique\/\",\"name\":\"Pharmaceutique - Archimedys\",\"isPartOf\":{\"@id\":\"https:\/\/archimedys.fr\/#website\"},\"datePublished\":\"2025-07-08T14:57:21+00:00\",\"dateModified\":\"2025-07-29T15:33:23+00:00\",\"breadcrumb\":{\"@id\":\"https:\/\/archimedys.fr\/fi\/pharmaceutique\/#breadcrumb\"},\"inLanguage\":\"ro-RO\",\"potentialAction\":[{\"@type\":\"ReadAction\",\"target\":[\"https:\/\/archimedys.fr\/fi\/pharmaceutique\/\"]}]},{\"@type\":\"BreadcrumbList\",\"@id\":\"https:\/\/archimedys.fr\/fi\/pharmaceutique\/#breadcrumb\",\"itemListElement\":[{\"@type\":\"ListItem\",\"position\":1,\"name\":\"Accueil\",\"item\":\"https:\/\/archimedys.fr\/\"},{\"@type\":\"ListItem\",\"position\":2,\"name\":\"Pharmaceutique\"}]},{\"@type\":\"WebSite\",\"@id\":\"https:\/\/archimedys.fr\/#website\",\"url\":\"https:\/\/archimedys.fr\/\",\"name\":\"Archimedys\",\"description\":\"\",\"publisher\":{\"@id\":\"https:\/\/archimedys.fr\/#organization\"},\"potentialAction\":[{\"@type\":\"SearchAction\",\"target\":{\"@type\":\"EntryPoint\",\"urlTemplate\":\"https:\/\/archimedys.fr\/?s={search_term_string}\"},\"query-input\":{\"@type\":\"PropertyValueSpecification\",\"valueRequired\":true,\"valueName\":\"search_term_string\"}}],\"inLanguage\":\"ro-RO\"},{\"@type\":\"Organization\",\"@id\":\"https:\/\/archimedys.fr\/#organization\",\"name\":\"Archimedys\",\"url\":\"https:\/\/archimedys.fr\/\",\"logo\":{\"@type\":\"ImageObject\",\"inLanguage\":\"ro-RO\",\"@id\":\"https:\/\/archimedys.fr\/#\/schema\/logo\/image\/\",\"url\":\"https:\/\/archimedys.fr\/wp-content\/uploads\/2025\/03\/Design-sans-titre.svg\",\"contentUrl\":\"https:\/\/archimedys.fr\/wp-content\/uploads\/2025\/03\/Design-sans-titre.svg\",\"width\":350,\"height\":100,\"caption\":\"Archimedys\"},\"image\":{\"@id\":\"https:\/\/archimedys.fr\/#\/schema\/logo\/image\/\"}}]}<\/script>\n<!-- \/ Yoast SEO plugin. -->","yoast_head_json":{"title":"Pharmaceutique - Archimedys","robots":{"index":"index","follow":"follow","max-snippet":"max-snippet:-1","max-image-preview":"max-image-preview:large","max-video-preview":"max-video-preview:-1"},"canonical":"https:\/\/archimedys.fr\/ro\/pharmaceutique\/","og_locale":"ro_RO","og_type":"article","og_title":"Pharmaceutique - Archimedys","og_description":"L\u2019industrie pharmaceutique et Archimedys La vis Archimedys r\u00e9siste \u00e0 l\u2019abrasion et \u00e0 la corrosion Pour vos applications dans l&rsquo;industrie pharmaceutique, o\u00f9 vos \u00e9quipements sont souvent expos\u00e9s \u00e0 des substances corrosives, notre vis Archimedys r\u00e9pond pr\u00e9cis\u00e9ment \u00e0 vos besoins. Par exemple,","og_url":"https:\/\/archimedys.fr\/ro\/pharmaceutique\/","og_site_name":"Archimedys","article_modified_time":"2025-07-29T15:33:23+00:00","twitter_card":"summary_large_image","twitter_misc":{"Timp estimat pentru citire":"1 minut"},"schema":{"@context":"https:\/\/schema.org","@graph":[{"@type":"WebPage","@id":"https:\/\/archimedys.fr\/fi\/pharmaceutique\/","url":"https:\/\/archimedys.fr\/fi\/pharmaceutique\/","name":"Pharmaceutique - Archimedys","isPartOf":{"@id":"https:\/\/archimedys.fr\/#website"},"datePublished":"2025-07-08T14:57:21+00:00","dateModified":"2025-07-29T15:33:23+00:00","breadcrumb":{"@id":"https:\/\/archimedys.fr\/fi\/pharmaceutique\/#breadcrumb"},"inLanguage":"ro-RO","potentialAction":[{"@type":"ReadAction","target":["https:\/\/archimedys.fr\/fi\/pharmaceutique\/"]}]},{"@type":"BreadcrumbList","@id":"https:\/\/archimedys.fr\/fi\/pharmaceutique\/#breadcrumb","itemListElement":[{"@type":"ListItem","position":1,"name":"Accueil","item":"https:\/\/archimedys.fr\/"},{"@type":"ListItem","position":2,"name":"Pharmaceutique"}]},{"@type":"WebSite","@id":"https:\/\/archimedys.fr\/#website","url":"https:\/\/archimedys.fr\/","name":"Archimedys","description":"","publisher":{"@id":"https:\/\/archimedys.fr\/#organization"},"potentialAction":[{"@type":"SearchAction","target":{"@type":"EntryPoint","urlTemplate":"https:\/\/archimedys.fr\/?s={search_term_string}"},"query-input":{"@type":"PropertyValueSpecification","valueRequired":true,"valueName":"search_term_string"}}],"inLanguage":"ro-RO"},{"@type":"Organization","@id":"https:\/\/archimedys.fr\/#organization","name":"Archimedys","url":"https:\/\/archimedys.fr\/","logo":{"@type":"ImageObject","inLanguage":"ro-RO","@id":"https:\/\/archimedys.fr\/#\/schema\/logo\/image\/","url":"https:\/\/archimedys.fr\/wp-content\/uploads\/2025\/03\/Design-sans-titre.svg","contentUrl":"https:\/\/archimedys.fr\/wp-content\/uploads\/2025\/03\/Design-sans-titre.svg","width":350,"height":100,"caption":"Archimedys"},"image":{"@id":"https:\/\/archimedys.fr\/#\/schema\/logo\/image\/"}}]}},"_links":{"self":[{"href":"https:\/\/archimedys.fr\/ro\/wp-json\/wp\/v2\/pages\/589","targetHints":{"allow":["GET"]}}],"collection":[{"href":"https:\/\/archimedys.fr\/ro\/wp-json\/wp\/v2\/pages"}],"about":[{"href":"https:\/\/archimedys.fr\/ro\/wp-json\/wp\/v2\/types\/page"}],"author":[{"embeddable":true,"href":"https:\/\/archimedys.fr\/ro\/wp-json\/wp\/v2\/users\/1"}],"replies":[{"embeddable":true,"href":"https:\/\/archimedys.fr\/ro\/wp-json\/wp\/v2\/comments?post=589"}],"version-history":[{"count":19,"href":"https:\/\/archimedys.fr\/ro\/wp-json\/wp\/v2\/pages\/589\/revisions"}],"predecessor-version":[{"id":7928,"href":"https:\/\/archimedys.fr\/ro\/wp-json\/wp\/v2\/pages\/589\/revisions\/7928"}],"wp:attachment":[{"href":"https:\/\/archimedys.fr\/ro\/wp-json\/wp\/v2\/media?parent=589"}],"curies":[{"name":"wp","href":"https:\/\/api.w.org\/{rel}","templated":true}]}}