{"id":66,"date":"2025-07-06T16:22:09","date_gmt":"2025-07-06T16:22:09","guid":{"rendered":"https:\/\/dev.archimedys.fr\/?page_id=66"},"modified":"2025-12-22T10:18:58","modified_gmt":"2025-12-22T10:18:58","slug":"qui-sommes-nous","status":"publish","type":"page","link":"https:\/\/archimedys.fr\/it\/qui-sommes-nous\/","title":{"rendered":"Chi siamo"},"content":{"rendered":"<div data-elementor-type=\"wp-page\" data-elementor-id=\"66\" class=\"elementor elementor-66\" data-elementor-post-type=\"page\">\n\t\t\t\t<div class=\"elementor-element elementor-element-5a80edd e-flex e-con-boxed e-con e-parent\" data-id=\"5a80edd\" data-element_type=\"container\" data-e-type=\"container\" data-settings=\"{&quot;background_background&quot;:&quot;classic&quot;}\">\n\t\t\t\t\t<div class=\"e-con-inner\">\n\t\t<div class=\"elementor-element elementor-element-3b0a0a8 e-con-full e-flex e-con e-child\" data-id=\"3b0a0a8\" data-element_type=\"container\" data-e-type=\"container\">\n\t\t<div class=\"elementor-element elementor-element-ce68035 e-con-full e-flex e-con e-child\" data-id=\"ce68035\" data-element_type=\"container\" data-e-type=\"container\">\n\t\t\t\t<div class=\"elementor-element elementor-element-5aee795 elementor-widget elementor-widget-heading\" data-id=\"5aee795\" data-element_type=\"widget\" data-e-type=\"widget\" data-widget_type=\"heading.default\">\n\t\t\t\t<div class=\"elementor-widget-container\">\n\t\t\t\t\t<h1 class=\"elementor-heading-title elementor-size-default\">Semplificate la progettazione dei vostri convogliatori con Archimedys<\/h1>\t\t\t\t<\/div>\n\t\t\t\t<\/div>\n\t\t\t\t<\/div>\n\t\t\t\t<\/div>\n\t\t\t\t\t<\/div>\n\t\t\t\t<\/div>\n\t\t<div class=\"elementor-element elementor-element-a2dd6fc e-flex e-con-boxed e-con e-parent\" data-id=\"a2dd6fc\" data-element_type=\"container\" data-e-type=\"container\" data-settings=\"{&quot;background_background&quot;:&quot;classic&quot;}\">\n\t\t\t\t\t<div class=\"e-con-inner\">\n\t\t<div class=\"elementor-element elementor-element-550320d e-con-full e-flex e-con e-child\" data-id=\"550320d\" data-element_type=\"container\" data-e-type=\"container\">\n\t\t\t\t<div class=\"elementor-element elementor-element-ce9c967 elementor-widget elementor-widget-heading\" data-id=\"ce9c967\" data-element_type=\"widget\" data-e-type=\"widget\" data-widget_type=\"heading.default\">\n\t\t\t\t<div class=\"elementor-widget-container\">\n\t\t\t\t\t<h2 class=\"elementor-heading-title elementor-size-default\">Dal 2010, Archimedys vi aiuta a semplificare la progettazione dei vostri trasportatori.<br> <br>Come lo facciamo?<\/h2>\t\t\t\t<\/div>\n\t\t\t\t<\/div>\n\t\t\t\t<\/div>\n\t\t<div class=\"elementor-element elementor-element-5e761d8 e-con-full e-flex e-con e-child\" data-id=\"5e761d8\" data-element_type=\"container\" data-e-type=\"container\">\n\t\t<div class=\"elementor-element elementor-element-d1aa628 e-con-full e-flex e-con e-child\" data-id=\"d1aa628\" data-element_type=\"container\" data-e-type=\"container\" data-settings=\"{&quot;background_background&quot;:&quot;classic&quot;}\">\n\t\t\t\t<div class=\"elementor-element elementor-element-4b5e478 elementor-align-center elementor-widget elementor-widget-lottie\" data-id=\"4b5e478\" data-element_type=\"widget\" data-e-type=\"widget\" data-settings=\"{&quot;source_json&quot;:{&quot;url&quot;:&quot;http:\\\/\\\/dev.archimedys.fr\\\/wp-content\\\/uploads\\\/2025\\\/07\\\/wired-outline-186-puzzle-hover-detach.json&quot;,&quot;id&quot;:117,&quot;size&quot;:&quot;&quot;,&quot;alt&quot;:&quot;&quot;,&quot;source&quot;:&quot;library&quot;},&quot;loop&quot;:&quot;yes&quot;,&quot;source&quot;:&quot;media_file&quot;,&quot;caption_source&quot;:&quot;none&quot;,&quot;link_to&quot;:&quot;none&quot;,&quot;trigger&quot;:&quot;arriving_to_viewport&quot;,&quot;viewport&quot;:{&quot;unit&quot;:&quot;%&quot;,&quot;size&quot;:&quot;&quot;,&quot;sizes&quot;:{&quot;start&quot;:0,&quot;end&quot;:100}},&quot;play_speed&quot;:{&quot;unit&quot;:&quot;px&quot;,&quot;size&quot;:1,&quot;sizes&quot;:[]},&quot;start_point&quot;:{&quot;unit&quot;:&quot;%&quot;,&quot;size&quot;:0,&quot;sizes&quot;:[]},&quot;end_point&quot;:{&quot;unit&quot;:&quot;%&quot;,&quot;size&quot;:100,&quot;sizes&quot;:[]},&quot;renderer&quot;:&quot;svg&quot;}\" data-widget_type=\"lottie.default\">\n\t\t\t\t<div class=\"elementor-widget-container\">\n\t\t\t\t\t<div class=\"e-lottie__container\"><div class=\"e-lottie__animation\"><\/div><\/div>\t\t\t\t<\/div>\n\t\t\t\t<\/div>\n\t\t\t\t<div class=\"elementor-element elementor-element-9e91260 elementor-widget elementor-widget-text-editor\" data-id=\"9e91260\" data-element_type=\"widget\" data-e-type=\"widget\" data-widget_type=\"text-editor.default\">\n\t\t\t\t<div class=\"elementor-widget-container\">\n\t\t\t\t\t\t\t\t\t<p>Ottimizzando la progettazione dei vostri trasportatori: le nostre coclee modulari riducono i tempi e i costi di assemblaggio.<\/p>\t\t\t\t\t\t\t\t<\/div>\n\t\t\t\t<\/div>\n\t\t\t\t<\/div>\n\t\t<div class=\"elementor-element elementor-element-b0830ec e-con-full e-flex e-con e-child\" data-id=\"b0830ec\" data-element_type=\"container\" data-e-type=\"container\" data-settings=\"{&quot;background_background&quot;:&quot;classic&quot;}\">\n\t\t\t\t<div class=\"elementor-element elementor-element-2cd42c0 elementor-align-center elementor-widget elementor-widget-lottie\" data-id=\"2cd42c0\" data-element_type=\"widget\" data-e-type=\"widget\" data-settings=\"{&quot;source_json&quot;:{&quot;url&quot;:&quot;http:\\\/\\\/dev.archimedys.fr\\\/wp-content\\\/uploads\\\/2025\\\/07\\\/wired-outline-2489-ice-cube-hover-pinch.json&quot;,&quot;id&quot;:140,&quot;size&quot;:&quot;&quot;,&quot;alt&quot;:&quot;&quot;,&quot;source&quot;:&quot;library&quot;},&quot;loop&quot;:&quot;yes&quot;,&quot;source&quot;:&quot;media_file&quot;,&quot;caption_source&quot;:&quot;none&quot;,&quot;link_to&quot;:&quot;none&quot;,&quot;trigger&quot;:&quot;arriving_to_viewport&quot;,&quot;viewport&quot;:{&quot;unit&quot;:&quot;%&quot;,&quot;size&quot;:&quot;&quot;,&quot;sizes&quot;:{&quot;start&quot;:0,&quot;end&quot;:100}},&quot;play_speed&quot;:{&quot;unit&quot;:&quot;px&quot;,&quot;size&quot;:1,&quot;sizes&quot;:[]},&quot;start_point&quot;:{&quot;unit&quot;:&quot;%&quot;,&quot;size&quot;:0,&quot;sizes&quot;:[]},&quot;end_point&quot;:{&quot;unit&quot;:&quot;%&quot;,&quot;size&quot;:100,&quot;sizes&quot;:[]},&quot;renderer&quot;:&quot;svg&quot;}\" data-widget_type=\"lottie.default\">\n\t\t\t\t<div class=\"elementor-widget-container\">\n\t\t\t\t\t<div class=\"e-lottie__container\"><div class=\"e-lottie__animation\"><\/div><\/div>\t\t\t\t<\/div>\n\t\t\t\t<\/div>\n\t\t\t\t<div class=\"elementor-element elementor-element-ede504e elementor-widget elementor-widget-text-editor\" data-id=\"ede504e\" data-element_type=\"widget\" data-e-type=\"widget\" data-widget_type=\"text-editor.default\">\n\t\t\t\t<div class=\"elementor-widget-container\">\n\t\t\t\t\t\t\t\t\t<p>Ampliando il raggio d'azione, sarete in grado di trasportare materiali come il ghiaccio, molto difficili da trasportare con le tradizionali viti d'acciaio.<\/p>\t\t\t\t\t\t\t\t<\/div>\n\t\t\t\t<\/div>\n\t\t\t\t<\/div>\n\t\t<div class=\"elementor-element elementor-element-fc26427 e-con-full e-flex e-con e-child\" data-id=\"fc26427\" data-element_type=\"container\" data-e-type=\"container\" data-settings=\"{&quot;background_background&quot;:&quot;classic&quot;}\">\n\t\t\t\t<div class=\"elementor-element elementor-element-f0e975c elementor-align-center elementor-widget elementor-widget-lottie\" data-id=\"f0e975c\" data-element_type=\"widget\" data-e-type=\"widget\" data-settings=\"{&quot;source_json&quot;:{&quot;url&quot;:&quot;http:\\\/\\\/dev.archimedys.fr\\\/wp-content\\\/uploads\\\/2025\\\/07\\\/wired-outline-409-tool-hover-oscillate.json&quot;,&quot;id&quot;:118,&quot;size&quot;:&quot;&quot;,&quot;alt&quot;:&quot;&quot;,&quot;source&quot;:&quot;library&quot;},&quot;loop&quot;:&quot;yes&quot;,&quot;source&quot;:&quot;media_file&quot;,&quot;caption_source&quot;:&quot;none&quot;,&quot;link_to&quot;:&quot;none&quot;,&quot;trigger&quot;:&quot;arriving_to_viewport&quot;,&quot;viewport&quot;:{&quot;unit&quot;:&quot;%&quot;,&quot;size&quot;:&quot;&quot;,&quot;sizes&quot;:{&quot;start&quot;:0,&quot;end&quot;:100}},&quot;play_speed&quot;:{&quot;unit&quot;:&quot;px&quot;,&quot;size&quot;:1,&quot;sizes&quot;:[]},&quot;start_point&quot;:{&quot;unit&quot;:&quot;%&quot;,&quot;size&quot;:0,&quot;sizes&quot;:[]},&quot;end_point&quot;:{&quot;unit&quot;:&quot;%&quot;,&quot;size&quot;:100,&quot;sizes&quot;:[]},&quot;renderer&quot;:&quot;svg&quot;}\" data-widget_type=\"lottie.default\">\n\t\t\t\t<div class=\"elementor-widget-container\">\n\t\t\t\t\t<div class=\"e-lottie__container\"><div class=\"e-lottie__animation\"><\/div><\/div>\t\t\t\t<\/div>\n\t\t\t\t<\/div>\n\t\t\t\t<div class=\"elementor-element elementor-element-074a161 elementor-widget elementor-widget-text-editor\" data-id=\"074a161\" data-element_type=\"widget\" data-e-type=\"widget\" data-widget_type=\"text-editor.default\">\n\t\t\t\t<div class=\"elementor-widget-container\">\n\t\t\t\t\t\t\t\t\t<p>Semplificandovi la vita quando si tratta di manutenzione: ideali per le ristrutturazioni, le nostre coclee possono essere adattate anche a trasportatori non allineati, prolungandone la durata.<\/p>\t\t\t\t\t\t\t\t<\/div>\n\t\t\t\t<\/div>\n\t\t\t\t<\/div>\n\t\t\t\t<\/div>\n\t\t\t\t\t<\/div>\n\t\t\t\t<\/div>\n\t\t<div class=\"elementor-element elementor-element-6028ed4 e-flex e-con-boxed e-con e-parent\" data-id=\"6028ed4\" data-element_type=\"container\" data-e-type=\"container\" data-settings=\"{&quot;background_background&quot;:&quot;classic&quot;}\">\n\t\t\t\t\t<div class=\"e-con-inner\">\n\t\t<div class=\"elementor-element elementor-element-6a844c0 e-con-full e-grid e-con e-child\" data-id=\"6a844c0\" data-element_type=\"container\" data-e-type=\"container\">\n\t\t\t\t<div class=\"elementor-element elementor-element-36fffc7 elementor-widget elementor-widget-video\" data-id=\"36fffc7\" data-element_type=\"widget\" data-e-type=\"widget\" data-settings=\"{&quot;youtube_url&quot;:&quot;https:\\\/\\\/youtu.be\\\/ezEW5s81dv8&quot;,&quot;video_type&quot;:&quot;youtube&quot;,&quot;controls&quot;:&quot;yes&quot;}\" data-widget_type=\"video.default\">\n\t\t\t\t<div class=\"elementor-widget-container\">\n\t\t\t\t\t\t\t<div class=\"elementor-wrapper elementor-open-inline\">\n\t\t\t<div class=\"elementor-video\"><\/div>\t\t<\/div>\n\t\t\t\t\t\t<\/div>\n\t\t\t\t<\/div>\n\t\t<div class=\"elementor-element elementor-element-df109c6 e-con-full e-flex e-con e-child\" data-id=\"df109c6\" data-element_type=\"container\" data-e-type=\"container\">\n\t\t\t\t<div class=\"elementor-element elementor-element-1268e94 elementor-widget elementor-widget-heading\" data-id=\"1268e94\" data-element_type=\"widget\" data-e-type=\"widget\" data-widget_type=\"heading.default\">\n\t\t\t\t<div class=\"elementor-widget-container\">\n\t\t\t\t\t<h2 class=\"elementor-heading-title elementor-size-default\">Risparmiate tempo e denaro!<\/h2>\t\t\t\t<\/div>\n\t\t\t\t<\/div>\n\t\t\t\t<div class=\"elementor-element elementor-element-73d3a97 elementor-widget elementor-widget-text-editor\" data-id=\"73d3a97\" data-element_type=\"widget\" data-e-type=\"widget\" data-widget_type=\"text-editor.default\">\n\t\t\t\t<div class=\"elementor-widget-container\">\n\t\t\t\t\t\t\t\t\t<p>La sua vite modulare in polimero resiste alla corrosione e all'abrasione e pu\u00f2 essere montata in pochi minuti.<\/p>\t\t\t\t\t\t\t\t<\/div>\n\t\t\t\t<\/div>\n\t\t<div class=\"elementor-element elementor-element-5cd69c7 e-con-full e-flex e-con e-child\" data-id=\"5cd69c7\" data-element_type=\"container\" data-e-type=\"container\">\n\t\t\t\t<div class=\"elementor-element elementor-element-d68883f elementor-align-center elementor-mobile-align-justify elementor-tablet-align-center elementor-widget-mobile__width-initial elementor-widget elementor-widget-button\" data-id=\"d68883f\" data-element_type=\"widget\" data-e-type=\"widget\" data-widget_type=\"button.default\">\n\t\t\t\t<div class=\"elementor-widget-container\">\n\t\t\t\t\t\t\t\t\t<div class=\"elementor-button-wrapper\">\n\t\t\t\t\t<a class=\"elementor-button elementor-button-link elementor-size-sm\" href=\"https:\/\/archimedys.fr\/it\/contact\/\">\n\t\t\t\t\t\t<span class=\"elementor-button-content-wrapper\">\n\t\t\t\t\t\t\t\t\t<span class=\"elementor-button-text\">Contattateci<\/span>\n\t\t\t\t\t<\/span>\n\t\t\t\t\t<\/a>\n\t\t\t\t<\/div>\n\t\t\t\t\t\t\t\t<\/div>\n\t\t\t\t<\/div>\n\t\t\t\t<\/div>\n\t\t\t\t<\/div>\n\t\t\t\t<\/div>\n\t\t\t\t\t<\/div>\n\t\t\t\t<\/div>\n\t\t<div class=\"elementor-element elementor-element-243992f e-flex e-con-boxed e-con e-parent\" data-id=\"243992f\" data-element_type=\"container\" data-e-type=\"container\" data-settings=\"{&quot;background_background&quot;:&quot;classic&quot;}\">\n\t\t\t\t\t<div class=\"e-con-inner\">\n\t\t\t\t\t<\/div>\n\t\t\t\t<\/div>\n\t\t<div class=\"elementor-element elementor-element-d426f2c e-flex e-con-boxed e-con e-parent\" data-id=\"d426f2c\" data-element_type=\"container\" data-e-type=\"container\" data-settings=\"{&quot;background_background&quot;:&quot;classic&quot;}\">\n\t\t\t\t\t<div class=\"e-con-inner\">\n\t\t<div class=\"elementor-element elementor-element-22a1332 e-con-full e-flex e-con e-child\" data-id=\"22a1332\" data-element_type=\"container\" data-e-type=\"container\">\n\t\t<div class=\"elementor-element elementor-element-27c3c5a e-con-full e-flex e-con e-child\" data-id=\"27c3c5a\" data-element_type=\"container\" data-e-type=\"container\">\n\t\t\t\t<div class=\"elementor-element elementor-element-28e6465 elementor-widget elementor-widget-heading\" data-id=\"28e6465\" data-element_type=\"widget\" data-e-type=\"widget\" data-widget_type=\"heading.default\">\n\t\t\t\t<div class=\"elementor-widget-container\">\n\t\t\t\t\t<h2 class=\"elementor-heading-title elementor-size-default\">In Archimedys siamo orgogliosi del nostro patrimonio di innovazione e del nostro impegno a superare i confini della tecnologia.<\/h2>\t\t\t\t<\/div>\n\t\t\t\t<\/div>\n\t\t\t\t<div class=\"elementor-element elementor-element-c760999 elementor-widget elementor-widget-text-editor\" data-id=\"c760999\" data-element_type=\"widget\" data-e-type=\"widget\" data-widget_type=\"text-editor.default\">\n\t\t\t\t<div class=\"elementor-widget-container\">\n\t\t\t\t\t\t\t\t\t<p class=\"cvGsUA direction-ltr align-center para-style-body\">In Archimedys l'innovazione \u00e8 la nostra priorit\u00e0: la nostra vite polimerica modulare si adatta a tutte le applicazioni, semplici o complesse.<\/p><p class=\"cvGsUA direction-ltr align-center para-style-body\"><span class=\"OYPEnA font-feature-liga-off font-feature-clig-off font-feature-calt-off text-decoration-none text-strikethrough-none\"> La nostra passione per l'eccellenza \u00e8 stata riconosciuta in diverse occasioni, tra cui il prestigioso premio Vrac Tech d'Or nel 2022. Questo premio testimonia la nostra capacit\u00e0 di sviluppare soluzioni tecnologiche all'avanguardia che si adattano perfettamente alle esigenze uniche dei nostri clienti.<\/span><\/p><p class=\"cvGsUA direction-ltr align-center para-style-body\"><span class=\"OYPEnA font-feature-liga-off font-feature-clig-off font-feature-calt-off text-decoration-none text-strikethrough-none\">Con sette brevetti a nostro nome, proteggiamo le nostre innovazioni e forniamo ai nostri clienti soluzioni non solo uniche, ma anche altamente performanti e affidabili. Questi brevetti riflettono il nostro impegno a offrire tecnologie che fanno davvero la differenza.<\/span><\/p><p class=\"cvGsUA direction-ltr align-center para-style-body\"><span class=\"OYPEnA font-feature-liga-off font-feature-clig-off font-feature-calt-off text-decoration-none text-strikethrough-none\">Nel 2011 abbiamo anche vinto il premio Aficep, un riconoscimento della nostra costante dedizione all'eccellenza e allo sviluppo tecnologico. In Archimedys non ci limitiamo a seguire le tendenze, ma le creiamo, rendendoci il partner ideale per le vostre esigenze tecnologiche all'avanguardia.<\/span><\/p>\t\t\t\t\t\t\t\t<\/div>\n\t\t\t\t<\/div>\n\t\t<div class=\"elementor-element elementor-element-81c59ad e-con-full e-flex e-con e-child\" data-id=\"81c59ad\" data-element_type=\"container\" data-e-type=\"container\">\n\t\t\t\t<div class=\"elementor-element elementor-element-a383b3c elementor-align-center elementor-mobile-align-justify elementor-tablet-align-center elementor-widget-mobile__width-inherit elementor-widget elementor-widget-button\" data-id=\"a383b3c\" data-element_type=\"widget\" data-e-type=\"widget\" data-widget_type=\"button.default\">\n\t\t\t\t<div class=\"elementor-widget-container\">\n\t\t\t\t\t\t\t\t\t<div class=\"elementor-button-wrapper\">\n\t\t\t\t\t<a class=\"elementor-button elementor-button-link elementor-size-sm\" href=\"https:\/\/archimedys.fr\/it\/contact\/\">\n\t\t\t\t\t\t<span class=\"elementor-button-content-wrapper\">\n\t\t\t\t\t\t\t\t\t<span class=\"elementor-button-text\">Richiedete il vostro preventivo gratuito<\/span>\n\t\t\t\t\t<\/span>\n\t\t\t\t\t<\/a>\n\t\t\t\t<\/div>\n\t\t\t\t\t\t\t\t<\/div>\n\t\t\t\t<\/div>\n\t\t\t\t<\/div>\n\t\t<div class=\"elementor-element elementor-element-7ca7356 e-con-full e-flex e-con e-child\" data-id=\"7ca7356\" data-element_type=\"container\" data-e-type=\"container\" data-settings=\"{&quot;background_background&quot;:&quot;classic&quot;}\">\n\t\t\t\t<div class=\"elementor-element elementor-element-ecc7fb2 elementor-align-center elementor-mobile-align-justify elementor-tablet-align-center elementor-widget-mobile__width-inherit elementor-widget__width-initial elementor-widget elementor-widget-button\" data-id=\"ecc7fb2\" data-element_type=\"widget\" data-e-type=\"widget\" data-widget_type=\"button.default\">\n\t\t\t\t<div class=\"elementor-widget-container\">\n\t\t\t\t\t\t\t\t\t<div class=\"elementor-button-wrapper\">\n\t\t\t\t\t<a class=\"elementor-button elementor-button-link elementor-size-sm\" href=\"https:\/\/archimedys.fr\/it\/contact\/\">\n\t\t\t\t\t\t<span class=\"elementor-button-content-wrapper\">\n\t\t\t\t\t\t\t\t\t<span class=\"elementor-button-text\">Tutte le nostre notizie<\/span>\n\t\t\t\t\t<\/span>\n\t\t\t\t\t<\/a>\n\t\t\t\t<\/div>\n\t\t\t\t\t\t\t\t<\/div>\n\t\t\t\t<\/div>\n\t\t\t\t<\/div>\n\t\t\t\t<\/div>\n\t\t<div class=\"elementor-element elementor-element-3e19a83 e-con-full e-flex e-con e-child\" data-id=\"3e19a83\" data-element_type=\"container\" data-e-type=\"container\" data-settings=\"{&quot;background_background&quot;:&quot;classic&quot;}\">\n\t\t<div class=\"elementor-element elementor-element-410caf2 e-con-full e-flex e-con e-child\" data-id=\"410caf2\" data-element_type=\"container\" data-e-type=\"container\" data-settings=\"{&quot;background_background&quot;:&quot;classic&quot;}\">\n\t\t\t\t<\/div>\n\t\t<div class=\"elementor-element elementor-element-9729bfc e-con-full e-flex e-con e-child\" data-id=\"9729bfc\" data-element_type=\"container\" data-e-type=\"container\" data-settings=\"{&quot;background_background&quot;:&quot;classic&quot;}\">\n\t\t\t\t<\/div>\n\t\t<div class=\"elementor-element elementor-element-2e8b86a e-con-full e-flex e-con e-child\" data-id=\"2e8b86a\" data-element_type=\"container\" data-e-type=\"container\" data-settings=\"{&quot;background_background&quot;:&quot;classic&quot;}\">\n\t\t\t\t<\/div>\n\t\t\t\t<\/div>\n\t\t\t\t<\/div>\n\t\t\t\t\t<\/div>\n\t\t\t\t<\/div>\n\t\t\t\t<\/div>","protected":false},"excerpt":{"rendered":"<p>Simplifier la conception de vos convoyeurs gr\u00e2ce \u00e0 Archimedys Depuis 2010, Archimedys vous permet de simplifier la conception de vos convoyeurs. Comment ? En\u00a0optimisant\u00a0la conception de vos convoyeur : nos vis modulaires r\u00e9duisent le temps et les co\u00fbts d&rsquo;assemblage. En \u00e9largissant votre\u00a0gamme\u00a0: vous pourrez transporter des mat\u00e9riaux\u00a0comme la glace, tr\u00e8s difficile avec des vis en [&hellip;]<\/p>\n","protected":false},"author":1,"featured_media":0,"parent":0,"menu_order":0,"comment_status":"closed","ping_status":"closed","template":"elementor_header_footer","meta":{"_acf_changed":false,"footnotes":""},"class_list":["post-66","page","type-page","status-publish","hentry"],"acf":[],"yoast_head":"<!-- This site is optimized with the Yoast SEO plugin v27.2 - https:\/\/yoast.com\/product\/yoast-seo-wordpress\/ -->\n<title>Qui sommes-nous - Archimedys<\/title>\n<meta name=\"description\" content=\"Chez Archimedys, l\u2019innovation est notre priorit\u00e9 : notre vis modulaire en polym\u00e8re s\u2019adapte \u00e0 toutes vos applications, simples ou complexes\" \/>\n<meta name=\"robots\" content=\"index, follow, max-snippet:-1, max-image-preview:large, max-video-preview:-1\" \/>\n<link rel=\"canonical\" href=\"https:\/\/archimedys.fr\/it\/qui-sommes-nous\/\" \/>\n<meta property=\"og:locale\" content=\"it_IT\" \/>\n<meta property=\"og:type\" content=\"article\" \/>\n<meta property=\"og:title\" content=\"Qui sommes-nous - Archimedys\" \/>\n<meta property=\"og:description\" content=\"Chez Archimedys, l\u2019innovation est notre priorit\u00e9 : notre vis modulaire en polym\u00e8re s\u2019adapte \u00e0 toutes vos applications, simples ou complexes\" \/>\n<meta property=\"og:url\" content=\"https:\/\/archimedys.fr\/it\/qui-sommes-nous\/\" \/>\n<meta property=\"og:site_name\" content=\"Archimedys\" \/>\n<meta property=\"article:modified_time\" content=\"2025-12-22T10:18:58+00:00\" \/>\n<meta name=\"twitter:card\" content=\"summary_large_image\" \/>\n<meta name=\"twitter:label1\" content=\"Tempo di lettura stimato\" \/>\n\t<meta name=\"twitter:data1\" content=\"2 minuti\" \/>\n<script type=\"application\/ld+json\" class=\"yoast-schema-graph\">{\"@context\":\"https:\/\/schema.org\",\"@graph\":[{\"@type\":\"WebPage\",\"@id\":\"https:\/\/archimedys.fr\/qui-sommes-nous\/\",\"url\":\"https:\/\/archimedys.fr\/qui-sommes-nous\/\",\"name\":\"Qui sommes-nous - Archimedys\",\"isPartOf\":{\"@id\":\"https:\/\/archimedys.fr\/#website\"},\"datePublished\":\"2025-07-06T16:22:09+00:00\",\"dateModified\":\"2025-12-22T10:18:58+00:00\",\"description\":\"Chez Archimedys, l\u2019innovation est notre priorit\u00e9 : notre vis modulaire en polym\u00e8re s\u2019adapte \u00e0 toutes vos applications, simples ou complexes\",\"breadcrumb\":{\"@id\":\"https:\/\/archimedys.fr\/qui-sommes-nous\/#breadcrumb\"},\"inLanguage\":\"it-IT\",\"potentialAction\":[{\"@type\":\"ReadAction\",\"target\":[\"https:\/\/archimedys.fr\/qui-sommes-nous\/\"]}]},{\"@type\":\"BreadcrumbList\",\"@id\":\"https:\/\/archimedys.fr\/qui-sommes-nous\/#breadcrumb\",\"itemListElement\":[{\"@type\":\"ListItem\",\"position\":1,\"name\":\"Accueil\",\"item\":\"https:\/\/archimedys.fr\/\"},{\"@type\":\"ListItem\",\"position\":2,\"name\":\"Qui sommes-nous\"}]},{\"@type\":\"WebSite\",\"@id\":\"https:\/\/archimedys.fr\/#website\",\"url\":\"https:\/\/archimedys.fr\/\",\"name\":\"Archimedys\",\"description\":\"\",\"publisher\":{\"@id\":\"https:\/\/archimedys.fr\/#organization\"},\"potentialAction\":[{\"@type\":\"SearchAction\",\"target\":{\"@type\":\"EntryPoint\",\"urlTemplate\":\"https:\/\/archimedys.fr\/?s={search_term_string}\"},\"query-input\":{\"@type\":\"PropertyValueSpecification\",\"valueRequired\":true,\"valueName\":\"search_term_string\"}}],\"inLanguage\":\"it-IT\"},{\"@type\":\"Organization\",\"@id\":\"https:\/\/archimedys.fr\/#organization\",\"name\":\"Archimedys\",\"url\":\"https:\/\/archimedys.fr\/\",\"logo\":{\"@type\":\"ImageObject\",\"inLanguage\":\"it-IT\",\"@id\":\"https:\/\/archimedys.fr\/#\/schema\/logo\/image\/\",\"url\":\"https:\/\/archimedys.fr\/wp-content\/uploads\/2025\/03\/Design-sans-titre.svg\",\"contentUrl\":\"https:\/\/archimedys.fr\/wp-content\/uploads\/2025\/03\/Design-sans-titre.svg\",\"width\":350,\"height\":100,\"caption\":\"Archimedys\"},\"image\":{\"@id\":\"https:\/\/archimedys.fr\/#\/schema\/logo\/image\/\"}}]}<\/script>\n<!-- \/ Yoast SEO plugin. -->","yoast_head_json":{"title":"Qui sommes-nous - Archimedys","description":"Chez Archimedys, l\u2019innovation est notre priorit\u00e9 : notre vis modulaire en polym\u00e8re s\u2019adapte \u00e0 toutes vos applications, simples ou complexes","robots":{"index":"index","follow":"follow","max-snippet":"max-snippet:-1","max-image-preview":"max-image-preview:large","max-video-preview":"max-video-preview:-1"},"canonical":"https:\/\/archimedys.fr\/it\/qui-sommes-nous\/","og_locale":"it_IT","og_type":"article","og_title":"Qui sommes-nous - Archimedys","og_description":"Chez Archimedys, l\u2019innovation est notre priorit\u00e9 : notre vis modulaire en polym\u00e8re s\u2019adapte \u00e0 toutes vos applications, simples ou complexes","og_url":"https:\/\/archimedys.fr\/it\/qui-sommes-nous\/","og_site_name":"Archimedys","article_modified_time":"2025-12-22T10:18:58+00:00","twitter_card":"summary_large_image","twitter_misc":{"Tempo di lettura stimato":"2 minuti"},"schema":{"@context":"https:\/\/schema.org","@graph":[{"@type":"WebPage","@id":"https:\/\/archimedys.fr\/qui-sommes-nous\/","url":"https:\/\/archimedys.fr\/qui-sommes-nous\/","name":"Qui sommes-nous - Archimedys","isPartOf":{"@id":"https:\/\/archimedys.fr\/#website"},"datePublished":"2025-07-06T16:22:09+00:00","dateModified":"2025-12-22T10:18:58+00:00","description":"Chez Archimedys, l\u2019innovation est notre priorit\u00e9 : notre vis modulaire en polym\u00e8re s\u2019adapte \u00e0 toutes vos applications, simples ou complexes","breadcrumb":{"@id":"https:\/\/archimedys.fr\/qui-sommes-nous\/#breadcrumb"},"inLanguage":"it-IT","potentialAction":[{"@type":"ReadAction","target":["https:\/\/archimedys.fr\/qui-sommes-nous\/"]}]},{"@type":"BreadcrumbList","@id":"https:\/\/archimedys.fr\/qui-sommes-nous\/#breadcrumb","itemListElement":[{"@type":"ListItem","position":1,"name":"Accueil","item":"https:\/\/archimedys.fr\/"},{"@type":"ListItem","position":2,"name":"Qui sommes-nous"}]},{"@type":"WebSite","@id":"https:\/\/archimedys.fr\/#website","url":"https:\/\/archimedys.fr\/","name":"Archimede","description":"","publisher":{"@id":"https:\/\/archimedys.fr\/#organization"},"potentialAction":[{"@type":"SearchAction","target":{"@type":"EntryPoint","urlTemplate":"https:\/\/archimedys.fr\/?s={search_term_string}"},"query-input":{"@type":"PropertyValueSpecification","valueRequired":true,"valueName":"search_term_string"}}],"inLanguage":"it-IT"},{"@type":"Organization","@id":"https:\/\/archimedys.fr\/#organization","name":"Archimede","url":"https:\/\/archimedys.fr\/","logo":{"@type":"ImageObject","inLanguage":"it-IT","@id":"https:\/\/archimedys.fr\/#\/schema\/logo\/image\/","url":"https:\/\/archimedys.fr\/wp-content\/uploads\/2025\/03\/Design-sans-titre.svg","contentUrl":"https:\/\/archimedys.fr\/wp-content\/uploads\/2025\/03\/Design-sans-titre.svg","width":350,"height":100,"caption":"Archimedys"},"image":{"@id":"https:\/\/archimedys.fr\/#\/schema\/logo\/image\/"}}]}},"_links":{"self":[{"href":"https:\/\/archimedys.fr\/it\/wp-json\/wp\/v2\/pages\/66","targetHints":{"allow":["GET"]}}],"collection":[{"href":"https:\/\/archimedys.fr\/it\/wp-json\/wp\/v2\/pages"}],"about":[{"href":"https:\/\/archimedys.fr\/it\/wp-json\/wp\/v2\/types\/page"}],"author":[{"embeddable":true,"href":"https:\/\/archimedys.fr\/it\/wp-json\/wp\/v2\/users\/1"}],"replies":[{"embeddable":true,"href":"https:\/\/archimedys.fr\/it\/wp-json\/wp\/v2\/comments?post=66"}],"version-history":[{"count":37,"href":"https:\/\/archimedys.fr\/it\/wp-json\/wp\/v2\/pages\/66\/revisions"}],"predecessor-version":[{"id":8643,"href":"https:\/\/archimedys.fr\/it\/wp-json\/wp\/v2\/pages\/66\/revisions\/8643"}],"wp:attachment":[{"href":"https:\/\/archimedys.fr\/it\/wp-json\/wp\/v2\/media?parent=66"}],"curies":[{"name":"wp","href":"https:\/\/api.w.org\/{rel}","templated":true}]}}