{"id":591,"date":"2025-07-08T14:58:02","date_gmt":"2025-07-08T14:58:02","guid":{"rendered":"https:\/\/dev.archimedys.fr\/?page_id=591"},"modified":"2025-07-29T15:28:47","modified_gmt":"2025-07-29T15:28:47","slug":"alimentaire-et-boisson","status":"publish","type":"page","link":"https:\/\/archimedys.fr\/hi\/alimentaire-et-boisson\/","title":{"rendered":"\u0916\u093e\u0926\u094d\u092f \u0914\u0930 \u092a\u0947\u092f"},"content":{"rendered":"<div data-elementor-type=\"wp-page\" data-elementor-id=\"591\" class=\"elementor elementor-591\" data-elementor-post-type=\"page\">\n\t\t\t\t<div class=\"elementor-element elementor-element-b032f74 e-flex e-con-boxed e-con e-parent\" data-id=\"b032f74\" data-element_type=\"container\" data-e-type=\"container\" data-settings=\"{&quot;background_background&quot;:&quot;classic&quot;}\">\n\t\t\t\t\t<div class=\"e-con-inner\">\n\t\t<div class=\"elementor-element elementor-element-176745e e-con-full e-flex e-con e-child\" data-id=\"176745e\" data-element_type=\"container\" data-e-type=\"container\">\n\t\t\t\t<div class=\"elementor-element elementor-element-ca8ae55 elementor-widget elementor-widget-heading\" data-id=\"ca8ae55\" data-element_type=\"widget\" data-e-type=\"widget\" data-widget_type=\"heading.default\">\n\t\t\t\t<div class=\"elementor-widget-container\">\n\t\t\t\t\t<h1 class=\"elementor-heading-title elementor-size-default\">\u0906\u0930\u094d\u0915\u093f\u092e\u093f\u0921\u0940\u091c\u093c \u0915\u0947 \u0938\u093e\u0925 \u0916\u093e\u0926\u094d\u092f \u0914\u0930 \u092a\u0947\u092f \u0909\u0926\u094d\u092f\u094b\u0917<\/h1>\t\t\t\t<\/div>\n\t\t\t\t<\/div>\n\t\t\t\t<\/div>\n\t\t\t\t\t<\/div>\n\t\t\t\t<\/div>\n\t\t<div class=\"elementor-element elementor-element-20985bd e-flex e-con-boxed e-con e-parent\" data-id=\"20985bd\" data-element_type=\"container\" data-e-type=\"container\" data-settings=\"{&quot;background_background&quot;:&quot;classic&quot;}\">\n\t\t\t\t\t<div class=\"e-con-inner\">\n\t\t<div class=\"elementor-element elementor-element-6957549 e-con-full e-flex e-con e-child\" data-id=\"6957549\" data-element_type=\"container\" data-e-type=\"container\">\n\t\t<div class=\"elementor-element elementor-element-f7a36b7 e-con-full e-flex e-con e-child\" data-id=\"f7a36b7\" data-element_type=\"container\" data-e-type=\"container\">\n\t\t\t\t<div class=\"elementor-element elementor-element-d9c0fc8 elementor-widget elementor-widget-heading\" data-id=\"d9c0fc8\" data-element_type=\"widget\" data-e-type=\"widget\" data-widget_type=\"heading.default\">\n\t\t\t\t<div class=\"elementor-widget-container\">\n\t\t\t\t\t<h2 class=\"elementor-heading-title elementor-size-default\">\u0906\u0930\u094d\u0915\u093f\u092e\u093f\u0921\u0940\u091c\u093c \u0938\u094d\u0915\u094d\u0930\u0942 -25\u00b0 \u0924\u0915 \u0915\u0947 \u0924\u093e\u092a\u092e\u093e\u0928 \u0915\u094b \u0938\u0939\u0928 \u0915\u0930 \u0938\u0915\u0924\u093e \u0939\u0948<\/h2>\t\t\t\t<\/div>\n\t\t\t\t<\/div>\n\t\t\t\t<div class=\"elementor-element elementor-element-4aa8eec elementor-widget elementor-widget-text-editor\" data-id=\"4aa8eec\" data-element_type=\"widget\" data-e-type=\"widget\" data-widget_type=\"text-editor.default\">\n\t\t\t\t<div class=\"elementor-widget-container\">\n\t\t\t\t\t\t\t\t\t<p>\u0916\u093e\u0926\u094d\u092f \u0909\u0926\u094d\u092f\u094b\u0917 \u092e\u0947\u0902, \u091c\u0939\u093e\u0901 \u0909\u0924\u094d\u092a\u093e\u0926\u094b\u0902 \u0915\u093e \u0915\u094b\u092e\u0932 \u0938\u0902\u091a\u093e\u0932\u0928 \u0905\u0924\u094d\u092f\u0902\u0924 \u092e\u0939\u0924\u094d\u0935\u092a\u0942\u0930\u094d\u0923 \u0939\u0948, \u0939\u092e\u093e\u0930\u093e \u0906\u0930\u094d\u0915\u093f\u092e\u093f\u0921\u0940\u091c\u093c \u0938\u094d\u0915\u094d\u0930\u0942 \u0915\u0928\u094d\u0935\u0947\u092f\u0930 \u0906\u0926\u0930\u094d\u0936 \u0939\u0948\u0964 \u0938\u093e\u092b \u0915\u0930\u0928\u0947 \u092e\u0947\u0902 \u0906\u0938\u093e\u0928 \u0914\u0930 \u091c\u0902\u0917-\u0930\u094b\u0927\u0940, \u092f\u0939 \u0906\u092a\u0915\u0940 \u0909\u0924\u094d\u092a\u093e\u0926\u0928 \u0932\u093e\u0907\u0928\u094b\u0902, \u0916\u093e\u0938\u0915\u0930 \u0905\u0928\u093e\u091c \u092f\u093e \u0915\u0949\u092b\u093c\u0940 \u092c\u0940\u0928\u094d\u0938 \u0915\u0947 \u092a\u0930\u093f\u0935\u0939\u0928 \u0915\u0947 \u0932\u093f\u090f, \u0938\u094d\u0935\u091a\u094d\u091b\u0924\u093e \u0914\u0930 \u0926\u0915\u094d\u0937\u0924\u093e \u0915\u0940 \u0917\u093e\u0930\u0902\u091f\u0940 \u0926\u0947\u0924\u093e \u0939\u0948\u0964<\/p><p>\u00a0<\/p><p>\u0907\u0938\u0915\u0947 \u0905\u0932\u093e\u0935\u093e, \u0906\u0930\u094d\u0915\u093f\u092e\u093f\u0921\u0940\u091c\u093c \u0938\u094d\u0915\u094d\u0930\u0942 \u0905\u0924\u094d\u092f\u0927\u093f\u0915 \u0920\u0902\u0921\u0947 \u0935\u093e\u0924\u093e\u0935\u0930\u0923 \u0915\u0947 \u0932\u093f\u090f \u0906\u0926\u0930\u094d\u0936 \u0939\u0948\u0964 \u0905\u092a\u0928\u0940 \u092a\u093e\u0932\u0947-\u0930\u0939\u093f\u0924 \u092a\u094d\u0930\u0915\u0943\u0924\u093f \u0915\u0947 \u0915\u093e\u0930\u0923, \u092f\u0939 -25\u00b0C \u0924\u0915 \u0915\u0947 \u0924\u093e\u092a\u092e\u093e\u0928 \u0915\u094b \u092d\u0940 \u0938\u0939\u0928 \u0915\u0930 \u0938\u0915\u0924\u093e \u0939\u0948, \u091c\u093f\u0938\u0938\u0947 \u092f\u0939 \u092c\u0930\u094d\u092b \u0915\u0947 \u092a\u0930\u093f\u0935\u0939\u0928 \u0915\u0947 \u0932\u093f\u090f \u0906\u0926\u0930\u094d\u0936 \u092c\u0928 \u091c\u093e\u0924\u093e \u0939\u0948\u0964<\/p><p>\u00a0<\/p><p>\u0939\u092e\u093e\u0930\u0947 U2 \u0916\u093e\u0926\u094d\u092f \u0938\u094d\u0915\u094d\u0930\u0942 \u0907\u0938 \u092a\u094d\u0930\u0915\u093e\u0930 \u0915\u0947 \u0909\u0926\u094d\u092f\u094b\u0917 \u0915\u0947 \u0932\u093f\u090f \u092a\u0942\u0930\u0940 \u0924\u0930\u0939 \u0938\u0947 \u0909\u092a\u092f\u0941\u0915\u094d\u0924 \u0939\u0948\u0902\u0964<\/p>\t\t\t\t\t\t\t\t<\/div>\n\t\t\t\t<\/div>\n\t\t<div class=\"elementor-element elementor-element-abc05c7 e-con-full e-flex e-con e-child\" data-id=\"abc05c7\" data-element_type=\"container\" data-e-type=\"container\">\n\t\t\t\t<div class=\"elementor-element elementor-element-29f3699 elementor-align-center elementor-mobile-align-justify elementor-tablet-align-center elementor-widget-mobile__width-inherit elementor-widget elementor-widget-button\" data-id=\"29f3699\" data-element_type=\"widget\" data-e-type=\"widget\" data-widget_type=\"button.default\">\n\t\t\t\t<div class=\"elementor-widget-container\">\n\t\t\t\t\t\t\t\t\t<div class=\"elementor-button-wrapper\">\n\t\t\t\t\t<a class=\"elementor-button elementor-button-link elementor-size-sm\" href=\"https:\/\/archimedys.fr\/hi\/calculateur\/\">\n\t\t\t\t\t\t<span class=\"elementor-button-content-wrapper\">\n\t\t\t\t\t\t\t\t\t<span class=\"elementor-button-text\">\u092e\u0947\u0930\u0947 \u0938\u094d\u0915\u094d\u0930\u0942 \u092a\u094d\u0930\u0915\u093e\u0930 \u0915\u0940 \u0917\u0923\u0928\u093e \u0915\u0930\u0947\u0902<\/span>\n\t\t\t\t\t<\/span>\n\t\t\t\t\t<\/a>\n\t\t\t\t<\/div>\n\t\t\t\t\t\t\t\t<\/div>\n\t\t\t\t<\/div>\n\t\t\t\t<div class=\"elementor-element elementor-element-a5f0b68 elementor-align-center elementor-mobile-align-justify elementor-tablet-align-center elementor-widget-mobile__width-inherit elementor-widget elementor-widget-global elementor-global-796 elementor-widget-button\" data-id=\"a5f0b68\" data-element_type=\"widget\" data-e-type=\"widget\" data-widget_type=\"button.default\">\n\t\t\t\t<div class=\"elementor-widget-container\">\n\t\t\t\t\t\t\t\t\t<div class=\"elementor-button-wrapper\">\n\t\t\t\t\t<a class=\"elementor-button elementor-button-link elementor-size-sm\" href=\"https:\/\/app.archimedys.com\/\" target=\"_blank\">\n\t\t\t\t\t\t<span class=\"elementor-button-content-wrapper\">\n\t\t\t\t\t\t\t\t\t<span class=\"elementor-button-text\">\u0915\u0948\u091f\u0932\u0949\u0917<\/span>\n\t\t\t\t\t<\/span>\n\t\t\t\t\t<\/a>\n\t\t\t\t<\/div>\n\t\t\t\t\t\t\t\t<\/div>\n\t\t\t\t<\/div>\n\t\t\t\t<\/div>\n\t\t\t\t<\/div>\n\t\t<div class=\"elementor-element elementor-element-a0fead1 e-con-full e-flex e-con e-child\" data-id=\"a0fead1\" data-element_type=\"container\" data-e-type=\"container\" data-settings=\"{&quot;background_background&quot;:&quot;classic&quot;}\">\n\t\t\t\t<\/div>\n\t\t\t\t<\/div>\n\t\t\t\t\t<\/div>\n\t\t\t\t<\/div>\n\t\t<div class=\"elementor-element elementor-element-c59269d e-flex e-con-boxed e-con e-parent\" data-id=\"c59269d\" data-element_type=\"container\" data-e-type=\"container\" data-settings=\"{&quot;background_background&quot;:&quot;classic&quot;}\">\n\t\t\t\t\t<div class=\"e-con-inner\">\n\t\t<div class=\"elementor-element elementor-element-dc851f2 e-con-full e-flex e-con e-child\" data-id=\"dc851f2\" data-element_type=\"container\" data-e-type=\"container\">\n\t\t\t\t<div class=\"elementor-element elementor-element-0d79082 elementor-widget elementor-widget-heading\" data-id=\"0d79082\" data-element_type=\"widget\" data-e-type=\"widget\" data-widget_type=\"heading.default\">\n\t\t\t\t<div class=\"elementor-widget-container\">\n\t\t\t\t\t<h2 class=\"elementor-heading-title elementor-size-default\">\u0915\u0943\u0937\u093f \u0909\u0926\u094d\u092f\u094b\u0917 \u092e\u0947\u0902 \u0906\u0930\u094d\u0915\u093f\u092e\u093f\u0921\u0940\u091c\u093c \u0915\u0947 \u0905\u0928\u0941\u092a\u094d\u0930\u092f\u094b\u0917\u094b\u0902 \u0915\u0947 \u0909\u0926\u093e\u0939\u0930\u0923<\/h2>\t\t\t\t<\/div>\n\t\t\t\t<\/div>\n\t\t\t\t<\/div>\n\t\t\t\t\t<\/div>\n\t\t\t\t<\/div>\n\t\t<div class=\"elementor-element elementor-element-9425dfb e-flex e-con-boxed e-con e-parent\" data-id=\"9425dfb\" data-element_type=\"container\" data-e-type=\"container\" data-settings=\"{&quot;background_background&quot;:&quot;classic&quot;}\">\n\t\t\t\t\t<div class=\"e-con-inner\">\n\t\t<div class=\"elementor-element elementor-element-f7d13a4 e-con-full e-flex e-con e-child\" data-id=\"f7d13a4\" data-element_type=\"container\" data-e-type=\"container\">\n\t\t\t\t<div class=\"elementor-element elementor-element-fc53013 elementor-posts--align-left elementor-grid-3 elementor-grid-tablet-2 elementor-grid-mobile-1 elementor-posts--thumbnail-top elementor-posts__hover-gradient elementor-widget elementor-widget-posts\" data-id=\"fc53013\" data-element_type=\"widget\" data-e-type=\"widget\" data-settings=\"{&quot;cards_row_gap&quot;:{&quot;unit&quot;:&quot;px&quot;,&quot;size&quot;:25,&quot;sizes&quot;:[]},&quot;cards_columns&quot;:&quot;3&quot;,&quot;cards_columns_tablet&quot;:&quot;2&quot;,&quot;cards_columns_mobile&quot;:&quot;1&quot;,&quot;cards_row_gap_tablet&quot;:{&quot;unit&quot;:&quot;px&quot;,&quot;size&quot;:&quot;&quot;,&quot;sizes&quot;:[]},&quot;cards_row_gap_mobile&quot;:{&quot;unit&quot;:&quot;px&quot;,&quot;size&quot;:&quot;&quot;,&quot;sizes&quot;:[]}}\" data-widget_type=\"posts.cards\">\n\t\t\t\t<div class=\"elementor-widget-container\">\n\t\t\t\t\t\t\t<div class=\"elementor-posts-container elementor-posts elementor-posts--skin-cards elementor-grid\" role=\"list\">\n\t\t\t\t<article class=\"elementor-post elementor-grid-item post-7056 post type-post status-publish format-standard has-post-thumbnail hentry category-non-classifiee\" role=\"listitem\">\n\t\t\t<div class=\"elementor-post__card\">\n\t\t\t\t<a class=\"elementor-post__thumbnail__link\" href=\"https:\/\/archimedys.fr\/hi\/convoyeur-essai\/\" tabindex=\"-1\" ><div class=\"elementor-post__thumbnail\"><img fetchpriority=\"high\" decoding=\"async\" width=\"768\" height=\"918\" src=\"https:\/\/archimedys.fr\/wp-content\/uploads\/2022\/01\/Un-covoyeur.jpg\" class=\"attachment-full size-full wp-image-7065\" alt=\"Simplifiez la conception de vos convoyeurs\" srcset=\"https:\/\/archimedys.fr\/wp-content\/uploads\/2022\/01\/Un-covoyeur.jpg 768w, https:\/\/archimedys.fr\/wp-content\/uploads\/2022\/01\/Un-covoyeur-251x300.jpg 251w\" sizes=\"(max-width: 768px) 100vw, 768px\" \/><\/div><\/a>\n\t\t\t\t<div class=\"elementor-post__text\">\n\t\t\t\t<p class=\"elementor-post__title\">\n\t\t\t<a href=\"https:\/\/archimedys.fr\/hi\/convoyeur-essai\/\" >\n\t\t\t\t\u0906\u0930\u094d\u0915\u093f\u092e\u093f\u0921\u0940\u091c\u093c\u2122 \u0917\u094d\u0930\u093e\u0939\u0915\u094b\u0902 \u0915\u0947 \u0932\u093f\u090f \u090f\u0915 \u092a\u0930\u0940\u0915\u094d\u0937\u0923 \u0915\u0928\u094d\u0935\u0947\u092f\u0930\t\t\t<\/a>\n\t\t<\/p>\n\t\t\t\t<\/div>\n\t\t\t\t<div class=\"elementor-post__meta-data\">\n\t\t\t\t\t<span class=\"elementor-post-date\">\n\t\t\t21 \u0926\u093f\u0938\u0902\u092c\u0930, 2022\t\t<\/span>\n\t\t\t\t<\/div>\n\t\t\t\t\t<\/div>\n\t\t<\/article>\n\t\t\t\t<article class=\"elementor-post elementor-grid-item post-7040 post type-post status-publish format-standard has-post-thumbnail hentry category-non-classifiee\" role=\"listitem\">\n\t\t\t<div class=\"elementor-post__card\">\n\t\t\t\t<a class=\"elementor-post__thumbnail__link\" href=\"https:\/\/archimedys.fr\/hi\/archimedys-depoussierage\/\" tabindex=\"-1\" ><div class=\"elementor-post__thumbnail\"><img decoding=\"async\" width=\"768\" height=\"969\" src=\"https:\/\/archimedys.fr\/wp-content\/uploads\/2022\/01\/Archi-installe.jpg\" class=\"attachment-full size-full wp-image-7067\" alt=\"Simplifiez la conception de vos convoyeurs\" srcset=\"https:\/\/archimedys.fr\/wp-content\/uploads\/2022\/01\/Archi-installe.jpg 768w, https:\/\/archimedys.fr\/wp-content\/uploads\/2022\/01\/Archi-installe-238x300.jpg 238w\" sizes=\"(max-width: 768px) 100vw, 768px\" \/><\/div><\/a>\n\t\t\t\t<div class=\"elementor-post__text\">\n\t\t\t\t<p class=\"elementor-post__title\">\n\t\t\t<a href=\"https:\/\/archimedys.fr\/hi\/archimedys-depoussierage\/\" >\n\t\t\t\t\u0906\u0930\u094d\u0915\u093f\u092e\u093f\u0921\u0940\u091c\u093c\u2122 \u0927\u0942\u0932 \u0938\u0902\u0917\u094d\u0930\u0939\u0923 \u0909\u092a\u0915\u0930\u0923 \u0938\u094d\u0925\u093e\u092a\u093f\u0924 \u0915\u0930\u0924\u093e \u0939\u0948\t\t\t<\/a>\n\t\t<\/p>\n\t\t\t\t<\/div>\n\t\t\t\t<div class=\"elementor-post__meta-data\">\n\t\t\t\t\t<span class=\"elementor-post-date\">\n\t\t\t3 \u0926\u093f\u0938\u0902\u092c\u0930, 2022\t\t<\/span>\n\t\t\t\t<\/div>\n\t\t\t\t\t<\/div>\n\t\t<\/article>\n\t\t\t\t<article class=\"elementor-post elementor-grid-item post-6975 post type-post status-publish format-standard has-post-thumbnail hentry category-non-classifiee\" role=\"listitem\">\n\t\t\t<div class=\"elementor-post__card\">\n\t\t\t\t<a class=\"elementor-post__thumbnail__link\" href=\"https:\/\/archimedys.fr\/hi\/transport-de-copeaux-metalliques-avec-archimedys\/\" tabindex=\"-1\" ><div class=\"elementor-post__thumbnail\"><img decoding=\"async\" width=\"587\" height=\"332\" src=\"https:\/\/archimedys.fr\/wp-content\/uploads\/2021\/07\/transport-copeaux.jpg\" class=\"attachment-full size-full wp-image-7229\" alt=\"Simplifiez la conception de vos convoyeurs\" srcset=\"https:\/\/archimedys.fr\/wp-content\/uploads\/2021\/07\/transport-copeaux.jpg 587w, https:\/\/archimedys.fr\/wp-content\/uploads\/2021\/07\/transport-copeaux-300x170.jpg 300w\" sizes=\"(max-width: 587px) 100vw, 587px\" \/><\/div><\/a>\n\t\t\t\t<div class=\"elementor-post__text\">\n\t\t\t\t<p class=\"elementor-post__title\">\n\t\t\t<a href=\"https:\/\/archimedys.fr\/hi\/transport-de-copeaux-metalliques-avec-archimedys\/\" >\n\t\t\t\t\u0906\u0930\u094d\u0915\u093f\u092e\u093f\u0921\u0940\u091c\u093c\u2122 \u0915\u0947 \u0938\u093e\u0925 \u0927\u093e\u0924\u0941 \u0915\u0947 \u091a\u093f\u092a\u094d\u0938 \u0915\u093e \u092a\u0930\u093f\u0935\u0939\u0928\t\t\t<\/a>\n\t\t<\/p>\n\t\t\t\t<\/div>\n\t\t\t\t<div class=\"elementor-post__meta-data\">\n\t\t\t\t\t<span class=\"elementor-post-date\">\n\t\t\t15 \u0926\u093f\u0938\u0902\u092c\u0930, 2021\t\t<\/span>\n\t\t\t\t<\/div>\n\t\t\t\t\t<\/div>\n\t\t<\/article>\n\t\t\t\t<\/div>\n\t\t\n\t\t\t\t\t\t<\/div>\n\t\t\t\t<\/div>\n\t\t\t\t<div class=\"elementor-element elementor-element-78fbdce elementor-align-center elementor-tablet-align-center elementor-mobile-align-center elementor-widget elementor-widget-button\" data-id=\"78fbdce\" data-element_type=\"widget\" data-e-type=\"widget\" data-widget_type=\"button.default\">\n\t\t\t\t<div class=\"elementor-widget-container\">\n\t\t\t\t\t\t\t\t\t<div class=\"elementor-button-wrapper\">\n\t\t\t\t\t<a class=\"elementor-button elementor-button-link elementor-size-sm\" href=\"https:\/\/archimedys.fr\/hi\/realisations\/\">\n\t\t\t\t\t\t<span class=\"elementor-button-content-wrapper\">\n\t\t\t\t\t\t\t\t\t<span class=\"elementor-button-text\">\u0914\u0930 \u0926\u0947\u0916\u0947\u0902<\/span>\n\t\t\t\t\t<\/span>\n\t\t\t\t\t<\/a>\n\t\t\t\t<\/div>\n\t\t\t\t\t\t\t\t<\/div>\n\t\t\t\t<\/div>\n\t\t\t\t<\/div>\n\t\t\t\t\t<\/div>\n\t\t\t\t<\/div>\n\t\t\t\t<\/div>","protected":false},"excerpt":{"rendered":"<p>L\u2019industrie de l\u2019alimentation et des boissons avec Archimedys La vis Archimedys peut supporter des temp\u00e9rature jusque -25\u00b0 Dans l&rsquo;industrie alimentaire, o\u00f9 la manipulation en douceur des produits est cruciale, notre vis Archimedys est id\u00e9ale. Facile \u00e0 nettoyer et r\u00e9sistante \u00e0<\/p>","protected":false},"author":1,"featured_media":0,"parent":0,"menu_order":0,"comment_status":"closed","ping_status":"closed","template":"elementor_header_footer","meta":{"_acf_changed":false,"footnotes":""},"class_list":["post-591","page","type-page","status-publish","hentry"],"acf":[],"yoast_head":"<!-- This site is optimized with the Yoast SEO plugin v27.2 - https:\/\/yoast.com\/product\/yoast-seo-wordpress\/ -->\n<title>Alimentaire et boisson - Archimedys<\/title>\n<meta name=\"robots\" content=\"index, follow, max-snippet:-1, max-image-preview:large, max-video-preview:-1\" \/>\n<link rel=\"canonical\" href=\"https:\/\/archimedys.fr\/hi\/alimentaire-et-boisson\/\" \/>\n<meta property=\"og:locale\" content=\"hi_IN\" \/>\n<meta property=\"og:type\" content=\"article\" \/>\n<meta property=\"og:title\" content=\"Alimentaire et boisson - Archimedys\" \/>\n<meta property=\"og:description\" content=\"L\u2019industrie de l\u2019alimentation et des boissons avec Archimedys La vis Archimedys peut supporter des temp\u00e9rature jusque -25\u00b0 Dans l&rsquo;industrie alimentaire, o\u00f9 la manipulation en douceur des produits est cruciale, notre vis Archimedys est id\u00e9ale. Facile \u00e0 nettoyer et r\u00e9sistante \u00e0\" \/>\n<meta property=\"og:url\" content=\"https:\/\/archimedys.fr\/hi\/alimentaire-et-boisson\/\" \/>\n<meta property=\"og:site_name\" content=\"Archimedys\" \/>\n<meta property=\"article:modified_time\" content=\"2025-07-29T15:28:47+00:00\" \/>\n<meta name=\"twitter:card\" content=\"summary_large_image\" \/>\n<meta name=\"twitter:label1\" content=\"\u0905\u0928\u0941\u092e\u093e\u0928\u093f\u0924 \u092a\u0922\u093c\u0928\u0947 \u0915\u093e \u0938\u092e\u092f\" \/>\n\t<meta name=\"twitter:data1\" content=\"1 \u092e\u093f\u0928\u091f\" \/>\n<script type=\"application\/ld+json\" class=\"yoast-schema-graph\">{\"@context\":\"https:\/\/schema.org\",\"@graph\":[{\"@type\":\"WebPage\",\"@id\":\"https:\/\/archimedys.fr\/sk\/alimentaire-et-boisson\/\",\"url\":\"https:\/\/archimedys.fr\/sk\/alimentaire-et-boisson\/\",\"name\":\"Alimentaire et boisson - Archimedys\",\"isPartOf\":{\"@id\":\"https:\/\/archimedys.fr\/#website\"},\"datePublished\":\"2025-07-08T14:58:02+00:00\",\"dateModified\":\"2025-07-29T15:28:47+00:00\",\"breadcrumb\":{\"@id\":\"https:\/\/archimedys.fr\/sk\/alimentaire-et-boisson\/#breadcrumb\"},\"inLanguage\":\"hi-IN\",\"potentialAction\":[{\"@type\":\"ReadAction\",\"target\":[\"https:\/\/archimedys.fr\/sk\/alimentaire-et-boisson\/\"]}]},{\"@type\":\"BreadcrumbList\",\"@id\":\"https:\/\/archimedys.fr\/sk\/alimentaire-et-boisson\/#breadcrumb\",\"itemListElement\":[{\"@type\":\"ListItem\",\"position\":1,\"name\":\"Accueil\",\"item\":\"https:\/\/archimedys.fr\/\"},{\"@type\":\"ListItem\",\"position\":2,\"name\":\"Alimentaire et boisson\"}]},{\"@type\":\"WebSite\",\"@id\":\"https:\/\/archimedys.fr\/#website\",\"url\":\"https:\/\/archimedys.fr\/\",\"name\":\"Archimedys\",\"description\":\"\",\"publisher\":{\"@id\":\"https:\/\/archimedys.fr\/#organization\"},\"potentialAction\":[{\"@type\":\"SearchAction\",\"target\":{\"@type\":\"EntryPoint\",\"urlTemplate\":\"https:\/\/archimedys.fr\/?s={search_term_string}\"},\"query-input\":{\"@type\":\"PropertyValueSpecification\",\"valueRequired\":true,\"valueName\":\"search_term_string\"}}],\"inLanguage\":\"hi-IN\"},{\"@type\":\"Organization\",\"@id\":\"https:\/\/archimedys.fr\/#organization\",\"name\":\"Archimedys\",\"url\":\"https:\/\/archimedys.fr\/\",\"logo\":{\"@type\":\"ImageObject\",\"inLanguage\":\"hi-IN\",\"@id\":\"https:\/\/archimedys.fr\/#\/schema\/logo\/image\/\",\"url\":\"https:\/\/archimedys.fr\/wp-content\/uploads\/2025\/03\/Design-sans-titre.svg\",\"contentUrl\":\"https:\/\/archimedys.fr\/wp-content\/uploads\/2025\/03\/Design-sans-titre.svg\",\"width\":350,\"height\":100,\"caption\":\"Archimedys\"},\"image\":{\"@id\":\"https:\/\/archimedys.fr\/#\/schema\/logo\/image\/\"}}]}<\/script>\n<!-- \/ Yoast SEO plugin. -->","yoast_head_json":{"title":"Alimentaire et boisson - Archimedys","robots":{"index":"index","follow":"follow","max-snippet":"max-snippet:-1","max-image-preview":"max-image-preview:large","max-video-preview":"max-video-preview:-1"},"canonical":"https:\/\/archimedys.fr\/hi\/alimentaire-et-boisson\/","og_locale":"hi_IN","og_type":"article","og_title":"Alimentaire et boisson - Archimedys","og_description":"L\u2019industrie de l\u2019alimentation et des boissons avec Archimedys La vis Archimedys peut supporter des temp\u00e9rature jusque -25\u00b0 Dans l&rsquo;industrie alimentaire, o\u00f9 la manipulation en douceur des produits est cruciale, notre vis Archimedys est id\u00e9ale. Facile \u00e0 nettoyer et r\u00e9sistante \u00e0","og_url":"https:\/\/archimedys.fr\/hi\/alimentaire-et-boisson\/","og_site_name":"Archimedys","article_modified_time":"2025-07-29T15:28:47+00:00","twitter_card":"summary_large_image","twitter_misc":{"\u0905\u0928\u0941\u092e\u093e\u0928\u093f\u0924 \u092a\u0922\u093c\u0928\u0947 \u0915\u093e \u0938\u092e\u092f":"1 \u092e\u093f\u0928\u091f"},"schema":{"@context":"https:\/\/schema.org","@graph":[{"@type":"WebPage","@id":"https:\/\/archimedys.fr\/sk\/alimentaire-et-boisson\/","url":"https:\/\/archimedys.fr\/sk\/alimentaire-et-boisson\/","name":"Alimentaire et boisson - Archimedys","isPartOf":{"@id":"https:\/\/archimedys.fr\/#website"},"datePublished":"2025-07-08T14:58:02+00:00","dateModified":"2025-07-29T15:28:47+00:00","breadcrumb":{"@id":"https:\/\/archimedys.fr\/sk\/alimentaire-et-boisson\/#breadcrumb"},"inLanguage":"hi-IN","potentialAction":[{"@type":"ReadAction","target":["https:\/\/archimedys.fr\/sk\/alimentaire-et-boisson\/"]}]},{"@type":"BreadcrumbList","@id":"https:\/\/archimedys.fr\/sk\/alimentaire-et-boisson\/#breadcrumb","itemListElement":[{"@type":"ListItem","position":1,"name":"Accueil","item":"https:\/\/archimedys.fr\/"},{"@type":"ListItem","position":2,"name":"Alimentaire et boisson"}]},{"@type":"WebSite","@id":"https:\/\/archimedys.fr\/#website","url":"https:\/\/archimedys.fr\/","name":"\u0906\u0930\u094d\u0915\u093f\u092e\u093f\u0921\u0940\u091c\u093c","description":"","publisher":{"@id":"https:\/\/archimedys.fr\/#organization"},"potentialAction":[{"@type":"SearchAction","target":{"@type":"EntryPoint","urlTemplate":"https:\/\/archimedys.fr\/?s={search_term_string}"},"query-input":{"@type":"PropertyValueSpecification","valueRequired":true,"valueName":"search_term_string"}}],"inLanguage":"hi-IN"},{"@type":"Organization","@id":"https:\/\/archimedys.fr\/#organization","name":"\u0906\u0930\u094d\u0915\u093f\u092e\u093f\u0921\u0940\u091c\u093c","url":"https:\/\/archimedys.fr\/","logo":{"@type":"ImageObject","inLanguage":"hi-IN","@id":"https:\/\/archimedys.fr\/#\/schema\/logo\/image\/","url":"https:\/\/archimedys.fr\/wp-content\/uploads\/2025\/03\/Design-sans-titre.svg","contentUrl":"https:\/\/archimedys.fr\/wp-content\/uploads\/2025\/03\/Design-sans-titre.svg","width":350,"height":100,"caption":"Archimedys"},"image":{"@id":"https:\/\/archimedys.fr\/#\/schema\/logo\/image\/"}}]}},"_links":{"self":[{"href":"https:\/\/archimedys.fr\/hi\/wp-json\/wp\/v2\/pages\/591","targetHints":{"allow":["GET"]}}],"collection":[{"href":"https:\/\/archimedys.fr\/hi\/wp-json\/wp\/v2\/pages"}],"about":[{"href":"https:\/\/archimedys.fr\/hi\/wp-json\/wp\/v2\/types\/page"}],"author":[{"embeddable":true,"href":"https:\/\/archimedys.fr\/hi\/wp-json\/wp\/v2\/users\/1"}],"replies":[{"embeddable":true,"href":"https:\/\/archimedys.fr\/hi\/wp-json\/wp\/v2\/comments?post=591"}],"version-history":[{"count":23,"href":"https:\/\/archimedys.fr\/hi\/wp-json\/wp\/v2\/pages\/591\/revisions"}],"predecessor-version":[{"id":8177,"href":"https:\/\/archimedys.fr\/hi\/wp-json\/wp\/v2\/pages\/591\/revisions\/8177"}],"wp:attachment":[{"href":"https:\/\/archimedys.fr\/hi\/wp-json\/wp\/v2\/media?parent=591"}],"curies":[{"name":"\u0921\u092c\u094d\u0932\u094d\u092f\u0942\u092a\u0940","href":"https:\/\/api.w.org\/{rel}","templated":true}]}}