{"id":595,"date":"2025-07-08T14:59:43","date_gmt":"2025-07-08T14:59:43","guid":{"rendered":"https:\/\/dev.archimedys.fr\/?page_id=595"},"modified":"2025-07-29T15:34:07","modified_gmt":"2025-07-29T15:34:07","slug":"mines-et-metallurgie","status":"publish","type":"page","link":"https:\/\/archimedys.fr\/he\/mines-et-metallurgie\/","title":{"rendered":"\u05db\u05e8\u05d9\u05d9\u05d4 \u05d5\u05de\u05d8\u05dc\u05d5\u05e8\u05d2\u05d9\u05d4"},"content":{"rendered":"<div data-elementor-type=\"wp-page\" data-elementor-id=\"595\" class=\"elementor elementor-595\" data-elementor-post-type=\"page\">\n\t\t\t\t<div class=\"elementor-element elementor-element-c0abfdb e-flex e-con-boxed e-con e-parent\" data-id=\"c0abfdb\" data-element_type=\"container\" data-e-type=\"container\" data-settings=\"{&quot;background_background&quot;:&quot;classic&quot;}\">\n\t\t\t\t\t<div class=\"e-con-inner\">\n\t\t<div class=\"elementor-element elementor-element-64ad970 e-con-full e-flex e-con e-child\" data-id=\"64ad970\" data-element_type=\"container\" data-e-type=\"container\">\n\t\t\t\t<div class=\"elementor-element elementor-element-3b71a73 elementor-widget elementor-widget-heading\" data-id=\"3b71a73\" data-element_type=\"widget\" data-e-type=\"widget\" data-widget_type=\"heading.default\">\n\t\t\t\t<div class=\"elementor-widget-container\">\n\t\t\t\t\t<h1 class=\"elementor-heading-title elementor-size-default\">\u05ea\u05e2\u05e9\u05d9\u05d9\u05ea \u05d4\u05db\u05e8\u05d9\u05d9\u05d4 \u05d5\u05d4\u05de\u05d8\u05dc\u05d5\u05e8\u05d2\u05d9\u05d4 \u05e2\u05dd \u05d0\u05e8\u05db\u05d9\u05de\u05d3\u05d9\u05e1<\/h1>\t\t\t\t<\/div>\n\t\t\t\t<\/div>\n\t\t\t\t<\/div>\n\t\t\t\t\t<\/div>\n\t\t\t\t<\/div>\n\t\t<div class=\"elementor-element elementor-element-2f1afd9 e-flex e-con-boxed e-con e-parent\" data-id=\"2f1afd9\" data-element_type=\"container\" data-e-type=\"container\" data-settings=\"{&quot;background_background&quot;:&quot;classic&quot;}\">\n\t\t\t\t\t<div class=\"e-con-inner\">\n\t\t<div class=\"elementor-element elementor-element-a76500a e-con-full e-flex e-con e-child\" data-id=\"a76500a\" data-element_type=\"container\" data-e-type=\"container\">\n\t\t<div class=\"elementor-element elementor-element-198cbf2 e-con-full e-flex e-con e-child\" data-id=\"198cbf2\" data-element_type=\"container\" data-e-type=\"container\">\n\t\t\t\t<div class=\"elementor-element elementor-element-db372ac elementor-widget elementor-widget-heading\" data-id=\"db372ac\" data-element_type=\"widget\" data-e-type=\"widget\" data-widget_type=\"heading.default\">\n\t\t\t\t<div class=\"elementor-widget-container\">\n\t\t\t\t\t<h2 class=\"elementor-heading-title elementor-size-default\">\u05d1\u05d5\u05e8\u05d2 \u05d0\u05e8\u05db\u05d9\u05de\u05d3\u05d9\u05e1 \u05d4\u05d7\u05d6\u05e7 \u05d5\u05d4\u05d9\u05e2\u05d9\u05dc<\/h2>\t\t\t\t<\/div>\n\t\t\t\t<\/div>\n\t\t\t\t<div class=\"elementor-element elementor-element-5b8ebd3 elementor-widget elementor-widget-text-editor\" data-id=\"5b8ebd3\" data-element_type=\"widget\" data-e-type=\"widget\" data-widget_type=\"text-editor.default\">\n\t\t\t\t<div class=\"elementor-widget-container\">\n\t\t\t\t\t\t\t\t\t<p class=\"cvGsUA direction-ltr align-center para-style-body\"><span class=\"OYPEnA font-feature-liga-off font-feature-clig-off font-feature-calt-off text-decoration-none text-strikethrough-none\">\u05e2\u05d1\u05d5\u05e8 \u05d4\u05d9\u05d9\u05e9\u05d5\u05de\u05d9\u05dd \u05e9\u05dc\u05db\u05dd \u05d1\u05ea\u05e2\u05e9\u05d9\u05d9\u05ea \u05d4\u05db\u05e8\u05d9\u05d9\u05d4 \u05d5\u05d4\u05de\u05d8\u05dc\u05d5\u05e8\u05d2\u05d9\u05d4, \u05e9\u05d1\u05d4 \u05d4\u05e6\u05d9\u05d5\u05d3 \u05e9\u05dc\u05db\u05dd \u05d7\u05d9\u05d9\u05d1 \u05dc\u05e4\u05e2\u05d5\u05dc \u05d1\u05ea\u05e0\u05d0\u05d9\u05dd \u05e7\u05d9\u05e6\u05d5\u05e0\u05d9\u05d9\u05dd, \u05d1\u05d5\u05e8\u05d2 Archimedys \u05e9\u05dc\u05e0\u05d5 \u05de\u05ea\u05d0\u05d9\u05dd \u05d1\u05d0\u05d5\u05e4\u05df \u05de\u05d5\u05e9\u05dc\u05dd \u05dc\u05e6\u05e8\u05db\u05d9\u05dd \u05e9\u05dc\u05db\u05dd. \u05dc\u05d3\u05d5\u05d2\u05de\u05d4, \u05d1\u05e4\u05e2\u05d5\u05dc\u05d5\u05ea \u05e8\u05d9\u05e1\u05d5\u05e7 \u05d0\u05d5 \u05d4\u05d5\u05d1\u05dc\u05ea \u05e2\u05e4\u05e8\u05d5\u05ea, \u05d4\u05e2\u05d9\u05e6\u05d5\u05d1 \u05d4\u05e2\u05de\u05d9\u05d3 \u05d1\u05de\u05d9\u05d5\u05d7\u05d3 \u05e9\u05dc\u05d5 \u05de\u05d1\u05d8\u05d9\u05d7 \u05d1\u05d9\u05e6\u05d5\u05e2\u05d9\u05dd \u05d0\u05de\u05d9\u05e0\u05d9\u05dd \u05d2\u05dd \u05d1\u05e1\u05d1\u05d9\u05d1\u05d5\u05ea \u05d4\u05e7\u05e9\u05d5\u05ea \u05d1\u05d9\u05d5\u05ea\u05e8.<\/span><\/p><p>\u00a0<\/p><p class=\"cvGsUA direction-ltr align-center para-style-body\"><span class=\"OYPEnA font-feature-liga-off font-feature-clig-off font-feature-calt-off text-decoration-none text-strikethrough-none\">\u05d1\u05d5\u05e8\u05d2 Archimedys, \u05e2\u05de\u05d9\u05d3 \u05d1\u05e4\u05e0\u05d9 \u05e9\u05d7\u05d9\u05e7\u05d4 \u05d5\u05e7\u05d5\u05e8\u05d5\u05d6\u05d9\u05d4, \u05de\u05d1\u05d8\u05d9\u05d7 \u05e2\u05de\u05d9\u05d3\u05d5\u05ea \u05de\u05d5\u05d2\u05d1\u05e8\u05ea \u05d5\u05de\u05e4\u05d7\u05d9\u05ea \u05d0\u05ea \u05e2\u05dc\u05d5\u05d9\u05d5\u05ea \u05d4\u05ea\u05d7\u05d6\u05d5\u05e7\u05d4 \u05e9\u05dc\u05db\u05dd. \u05e7\u05dc \u05dc\u05ea\u05d7\u05d6\u05d5\u05e7\u05d4, \u05d4\u05d5\u05d0 \u05e0\u05d5\u05e2\u05d3 \u05dc\u05e2\u05de\u05d5\u05d3 \u05d1\u05dc\u05d7\u05e6\u05d9\u05dd \u05e9\u05dc \u05ea\u05d4\u05dc\u05d9\u05db\u05d9 \u05db\u05e8\u05d9\u05d9\u05d4 \u05d5\u05de\u05ea\u05db\u05ea, \u05d5\u05de\u05e1\u05e4\u05e7 \u05dc\u05db\u05dd \u05e4\u05ea\u05e8\u05d5\u05df \u05d7\u05d6\u05e7 \u05d5\u05d9\u05e2\u05d9\u05dc \u05dc\u05d4\u05ea\u05e7\u05e0\u05d5\u05ea \u05e9\u05dc\u05db\u05dd.<\/span><\/p><p>\u00a0<\/p><p class=\"cvGsUA direction-ltr align-center para-style-body\"><span class=\"OYPEnA font-feature-liga-off font-feature-clig-off font-feature-calt-off text-decoration-none text-strikethrough-none\">\u05d4\u05d1\u05e8\u05d2\u05d9\u05dd \u05e9\u05dc\u05e0\u05d5 \u05d4\u05de\u05ea\u05d0\u05d9\u05de\u05d9\u05dd \u05dc\u05e1\u05d1\u05d9\u05d1\u05d5\u05ea \u05e0\u05e4\u05d9\u05e6\u05d5\u05ea U4 \u05de\u05ea\u05d0\u05d9\u05de\u05d9\u05dd \u05d1\u05e6\u05d5\u05e8\u05d4 \u05de\u05d5\u05e9\u05dc\u05de\u05ea<\/span><\/p>\t\t\t\t\t\t\t\t<\/div>\n\t\t\t\t<\/div>\n\t\t<div class=\"elementor-element elementor-element-36422f6 e-con-full e-flex e-con e-child\" data-id=\"36422f6\" data-element_type=\"container\" data-e-type=\"container\">\n\t\t\t\t<div class=\"elementor-element elementor-element-fd5d7d2 elementor-align-center elementor-mobile-align-justify elementor-tablet-align-center elementor-widget-mobile__width-inherit elementor-widget elementor-widget-button\" data-id=\"fd5d7d2\" data-element_type=\"widget\" data-e-type=\"widget\" data-widget_type=\"button.default\">\n\t\t\t\t<div class=\"elementor-widget-container\">\n\t\t\t\t\t\t\t\t\t<div class=\"elementor-button-wrapper\">\n\t\t\t\t\t<a class=\"elementor-button elementor-button-link elementor-size-sm\" href=\"https:\/\/archimedys.fr\/he\/calculateur\/\">\n\t\t\t\t\t\t<span class=\"elementor-button-content-wrapper\">\n\t\t\t\t\t\t\t\t\t<span class=\"elementor-button-text\">\u05d7\u05e9\u05d1 \u05d0\u05ea \u05e1\u05d5\u05d2 \u05d4\u05d1\u05d5\u05e8\u05d2 \u05e9\u05dc\u05d9<\/span>\n\t\t\t\t\t<\/span>\n\t\t\t\t\t<\/a>\n\t\t\t\t<\/div>\n\t\t\t\t\t\t\t\t<\/div>\n\t\t\t\t<\/div>\n\t\t\t\t<div class=\"elementor-element elementor-element-fad8d8c elementor-align-center elementor-mobile-align-justify elementor-tablet-align-center elementor-widget-mobile__width-inherit elementor-widget elementor-widget-global elementor-global-796 elementor-widget-button\" data-id=\"fad8d8c\" data-element_type=\"widget\" data-e-type=\"widget\" data-widget_type=\"button.default\">\n\t\t\t\t<div class=\"elementor-widget-container\">\n\t\t\t\t\t\t\t\t\t<div class=\"elementor-button-wrapper\">\n\t\t\t\t\t<a class=\"elementor-button elementor-button-link elementor-size-sm\" href=\"https:\/\/app.archimedys.com\/\" target=\"_blank\">\n\t\t\t\t\t\t<span class=\"elementor-button-content-wrapper\">\n\t\t\t\t\t\t\t\t\t<span class=\"elementor-button-text\">\u05d4\u05e7\u05d8\u05dc\u05d5\u05d2<\/span>\n\t\t\t\t\t<\/span>\n\t\t\t\t\t<\/a>\n\t\t\t\t<\/div>\n\t\t\t\t\t\t\t\t<\/div>\n\t\t\t\t<\/div>\n\t\t\t\t<\/div>\n\t\t\t\t<\/div>\n\t\t<div class=\"elementor-element elementor-element-faa4398 e-con-full e-flex e-con e-child\" data-id=\"faa4398\" data-element_type=\"container\" data-e-type=\"container\" data-settings=\"{&quot;background_background&quot;:&quot;classic&quot;}\">\n\t\t\t\t<\/div>\n\t\t\t\t<\/div>\n\t\t\t\t\t<\/div>\n\t\t\t\t<\/div>\n\t\t<div class=\"elementor-element elementor-element-414f06b e-flex e-con-boxed e-con e-parent\" data-id=\"414f06b\" data-element_type=\"container\" data-e-type=\"container\" data-settings=\"{&quot;background_background&quot;:&quot;classic&quot;}\">\n\t\t\t\t\t<div class=\"e-con-inner\">\n\t\t<div class=\"elementor-element elementor-element-a7e1800 e-con-full e-flex e-con e-child\" data-id=\"a7e1800\" data-element_type=\"container\" data-e-type=\"container\">\n\t\t\t\t<div class=\"elementor-element elementor-element-af03d09 elementor-widget elementor-widget-heading\" data-id=\"af03d09\" data-element_type=\"widget\" data-e-type=\"widget\" data-widget_type=\"heading.default\">\n\t\t\t\t<div class=\"elementor-widget-container\">\n\t\t\t\t\t<h2 class=\"elementor-heading-title elementor-size-default\">\u05d3\u05d5\u05d2\u05de\u05d0\u05d5\u05ea \u05dc\u05d9\u05d9\u05e9\u05d5\u05de\u05d9 \u05d0\u05e8\u05db\u05d9\u05de\u05d3\u05d9\u05e1 \u05d1\u05ea\u05e2\u05e9\u05d9\u05d9\u05d4 \u05d4\u05d7\u05e7\u05dc\u05d0\u05d9\u05ea<\/h2>\t\t\t\t<\/div>\n\t\t\t\t<\/div>\n\t\t\t\t<\/div>\n\t\t\t\t\t<\/div>\n\t\t\t\t<\/div>\n\t\t<div class=\"elementor-element elementor-element-67af2a8 e-flex e-con-boxed e-con e-parent\" data-id=\"67af2a8\" data-element_type=\"container\" data-e-type=\"container\" data-settings=\"{&quot;background_background&quot;:&quot;classic&quot;}\">\n\t\t\t\t\t<div class=\"e-con-inner\">\n\t\t<div class=\"elementor-element elementor-element-cfe7784 e-con-full e-flex e-con e-child\" data-id=\"cfe7784\" data-element_type=\"container\" data-e-type=\"container\">\n\t\t\t\t<div class=\"elementor-element elementor-element-de06d0e elementor-posts--align-left elementor-grid-3 elementor-grid-tablet-2 elementor-grid-mobile-1 elementor-posts--thumbnail-top elementor-posts__hover-gradient elementor-widget elementor-widget-posts\" data-id=\"de06d0e\" data-element_type=\"widget\" data-e-type=\"widget\" data-settings=\"{&quot;cards_row_gap&quot;:{&quot;unit&quot;:&quot;px&quot;,&quot;size&quot;:25,&quot;sizes&quot;:[]},&quot;cards_columns&quot;:&quot;3&quot;,&quot;cards_columns_tablet&quot;:&quot;2&quot;,&quot;cards_columns_mobile&quot;:&quot;1&quot;,&quot;cards_row_gap_tablet&quot;:{&quot;unit&quot;:&quot;px&quot;,&quot;size&quot;:&quot;&quot;,&quot;sizes&quot;:[]},&quot;cards_row_gap_mobile&quot;:{&quot;unit&quot;:&quot;px&quot;,&quot;size&quot;:&quot;&quot;,&quot;sizes&quot;:[]}}\" data-widget_type=\"posts.cards\">\n\t\t\t\t<div class=\"elementor-widget-container\">\n\t\t\t\t\t\t\t<div class=\"elementor-posts-container elementor-posts elementor-posts--skin-cards elementor-grid\" role=\"list\">\n\t\t\t\t<article class=\"elementor-post elementor-grid-item post-7056 post type-post status-publish format-standard has-post-thumbnail hentry category-non-classifiee\" role=\"listitem\">\n\t\t\t<div class=\"elementor-post__card\">\n\t\t\t\t<a class=\"elementor-post__thumbnail__link\" href=\"https:\/\/archimedys.fr\/he\/convoyeur-essai\/\" tabindex=\"-1\" ><div class=\"elementor-post__thumbnail\"><img fetchpriority=\"high\" decoding=\"async\" width=\"768\" height=\"918\" src=\"https:\/\/archimedys.fr\/wp-content\/uploads\/2022\/01\/Un-covoyeur.jpg\" class=\"attachment-full size-full wp-image-7065\" alt=\"Simplifiez la conception de vos convoyeurs\" srcset=\"https:\/\/archimedys.fr\/wp-content\/uploads\/2022\/01\/Un-covoyeur.jpg 768w, https:\/\/archimedys.fr\/wp-content\/uploads\/2022\/01\/Un-covoyeur-251x300.jpg 251w\" sizes=\"(max-width: 768px) 100vw, 768px\" \/><\/div><\/a>\n\t\t\t\t<div class=\"elementor-post__text\">\n\t\t\t\t<p class=\"elementor-post__title\">\n\t\t\t<a href=\"https:\/\/archimedys.fr\/he\/convoyeur-essai\/\" >\n\t\t\t\t\u05de\u05e1\u05d5\u05e2 \u05e0\u05d9\u05e1\u05d5\u05d9\u05d9\u05dd \u05e2\u05d1\u05d5\u05e8 \u05dc\u05e7\u05d5\u05d7\u05d5\u05ea Archimedys\u2122\t\t\t<\/a>\n\t\t<\/p>\n\t\t\t\t<\/div>\n\t\t\t\t<div class=\"elementor-post__meta-data\">\n\t\t\t\t\t<span class=\"elementor-post-date\">\n\t\t\t21 \u05d1\u05d3\u05e6\u05de\u05d1\u05e8, 2022\t\t<\/span>\n\t\t\t\t<\/div>\n\t\t\t\t\t<\/div>\n\t\t<\/article>\n\t\t\t\t<article class=\"elementor-post elementor-grid-item post-7040 post type-post status-publish format-standard has-post-thumbnail hentry category-non-classifiee\" role=\"listitem\">\n\t\t\t<div class=\"elementor-post__card\">\n\t\t\t\t<a class=\"elementor-post__thumbnail__link\" href=\"https:\/\/archimedys.fr\/he\/archimedys-depoussierage\/\" tabindex=\"-1\" ><div class=\"elementor-post__thumbnail\"><img decoding=\"async\" width=\"768\" height=\"969\" src=\"https:\/\/archimedys.fr\/wp-content\/uploads\/2022\/01\/Archi-installe.jpg\" class=\"attachment-full size-full wp-image-7067\" alt=\"Simplifiez la conception de vos convoyeurs\" srcset=\"https:\/\/archimedys.fr\/wp-content\/uploads\/2022\/01\/Archi-installe.jpg 768w, https:\/\/archimedys.fr\/wp-content\/uploads\/2022\/01\/Archi-installe-238x300.jpg 238w\" sizes=\"(max-width: 768px) 100vw, 768px\" \/><\/div><\/a>\n\t\t\t\t<div class=\"elementor-post__text\">\n\t\t\t\t<p class=\"elementor-post__title\">\n\t\t\t<a href=\"https:\/\/archimedys.fr\/he\/archimedys-depoussierage\/\" >\n\t\t\t\tArchimedys\u2122 \u05de\u05ea\u05e7\u05d9\u05e0\u05d4 \u05e6\u05d9\u05d5\u05d3 \u05dc\u05d0\u05d9\u05e1\u05d5\u05e3 \u05d0\u05d1\u05e7\t\t\t<\/a>\n\t\t<\/p>\n\t\t\t\t<\/div>\n\t\t\t\t<div class=\"elementor-post__meta-data\">\n\t\t\t\t\t<span class=\"elementor-post-date\">\n\t\t\t3 \u05d1\u05d3\u05e6\u05de\u05d1\u05e8, 2022\t\t<\/span>\n\t\t\t\t<\/div>\n\t\t\t\t\t<\/div>\n\t\t<\/article>\n\t\t\t\t<article class=\"elementor-post elementor-grid-item post-6975 post type-post status-publish format-standard has-post-thumbnail hentry category-non-classifiee\" role=\"listitem\">\n\t\t\t<div class=\"elementor-post__card\">\n\t\t\t\t<a class=\"elementor-post__thumbnail__link\" href=\"https:\/\/archimedys.fr\/he\/transport-de-copeaux-metalliques-avec-archimedys\/\" tabindex=\"-1\" ><div class=\"elementor-post__thumbnail\"><img decoding=\"async\" width=\"587\" height=\"332\" src=\"https:\/\/archimedys.fr\/wp-content\/uploads\/2021\/07\/transport-copeaux.jpg\" class=\"attachment-full size-full wp-image-7229\" alt=\"Simplifiez la conception de vos convoyeurs\" srcset=\"https:\/\/archimedys.fr\/wp-content\/uploads\/2021\/07\/transport-copeaux.jpg 587w, https:\/\/archimedys.fr\/wp-content\/uploads\/2021\/07\/transport-copeaux-300x170.jpg 300w\" sizes=\"(max-width: 587px) 100vw, 587px\" \/><\/div><\/a>\n\t\t\t\t<div class=\"elementor-post__text\">\n\t\t\t\t<p class=\"elementor-post__title\">\n\t\t\t<a href=\"https:\/\/archimedys.fr\/he\/transport-de-copeaux-metalliques-avec-archimedys\/\" >\n\t\t\t\t\u05d4\u05d5\u05d1\u05dc\u05ea \u05e9\u05d1\u05d1\u05d9 \u05de\u05ea\u05db\u05ea \u05e2\u05dd Archimedys\u2122\t\t\t<\/a>\n\t\t<\/p>\n\t\t\t\t<\/div>\n\t\t\t\t<div class=\"elementor-post__meta-data\">\n\t\t\t\t\t<span class=\"elementor-post-date\">\n\t\t\t15 \u05d1\u05d3\u05e6\u05de\u05d1\u05e8, 2021\t\t<\/span>\n\t\t\t\t<\/div>\n\t\t\t\t\t<\/div>\n\t\t<\/article>\n\t\t\t\t<\/div>\n\t\t\n\t\t\t\t\t\t<\/div>\n\t\t\t\t<\/div>\n\t\t\t\t<div class=\"elementor-element elementor-element-5b79fc9 elementor-align-center elementor-tablet-align-center elementor-mobile-align-center elementor-widget elementor-widget-button\" data-id=\"5b79fc9\" data-element_type=\"widget\" data-e-type=\"widget\" data-widget_type=\"button.default\">\n\t\t\t\t<div class=\"elementor-widget-container\">\n\t\t\t\t\t\t\t\t\t<div class=\"elementor-button-wrapper\">\n\t\t\t\t\t<a class=\"elementor-button elementor-button-link elementor-size-sm\" href=\"https:\/\/archimedys.fr\/he\/realisations\/\">\n\t\t\t\t\t\t<span class=\"elementor-button-content-wrapper\">\n\t\t\t\t\t\t\t\t\t<span class=\"elementor-button-text\">\u05e8\u05d0\u05d4 \u05e2\u05d5\u05d3<\/span>\n\t\t\t\t\t<\/span>\n\t\t\t\t\t<\/a>\n\t\t\t\t<\/div>\n\t\t\t\t\t\t\t\t<\/div>\n\t\t\t\t<\/div>\n\t\t\t\t<\/div>\n\t\t\t\t\t<\/div>\n\t\t\t\t<\/div>\n\t\t\t\t<\/div>","protected":false},"excerpt":{"rendered":"<p>L\u2019industrie mini\u00e8re et m\u00e9tallurgique avec Archimedys La vis Archimedys r\u00e9sistante et performante Pour vos applications dans l&rsquo;industrie mini\u00e8re et m\u00e9tallurgique, o\u00f9 vos \u00e9quipements doivent fonctionner dans des conditions extr\u00eames, notre vis Archimedys est exactement adapt\u00e9e \u00e0 vos besoins. Par exemple,<\/p>","protected":false},"author":1,"featured_media":0,"parent":0,"menu_order":0,"comment_status":"closed","ping_status":"closed","template":"elementor_header_footer","meta":{"_acf_changed":false,"footnotes":""},"class_list":["post-595","page","type-page","status-publish","hentry"],"acf":[],"yoast_head":"<!-- This site is optimized with the Yoast SEO plugin v27.2 - https:\/\/yoast.com\/product\/yoast-seo-wordpress\/ -->\n<title>Mines et m\u00e9tallurgie - Archimedys<\/title>\n<meta name=\"robots\" content=\"index, follow, max-snippet:-1, max-image-preview:large, max-video-preview:-1\" \/>\n<link rel=\"canonical\" href=\"https:\/\/archimedys.fr\/he\/mines-et-metallurgie\/\" \/>\n<meta property=\"og:locale\" content=\"he_IL\" \/>\n<meta property=\"og:type\" content=\"article\" \/>\n<meta property=\"og:title\" content=\"Mines et m\u00e9tallurgie - Archimedys\" \/>\n<meta property=\"og:description\" content=\"L\u2019industrie mini\u00e8re et m\u00e9tallurgique avec Archimedys La vis Archimedys r\u00e9sistante et performante Pour vos applications dans l&rsquo;industrie mini\u00e8re et m\u00e9tallurgique, o\u00f9 vos \u00e9quipements doivent fonctionner dans des conditions extr\u00eames, notre vis Archimedys est exactement adapt\u00e9e \u00e0 vos besoins. Par exemple,\" \/>\n<meta property=\"og:url\" content=\"https:\/\/archimedys.fr\/he\/mines-et-metallurgie\/\" \/>\n<meta property=\"og:site_name\" content=\"Archimedys\" \/>\n<meta property=\"article:modified_time\" content=\"2025-07-29T15:34:07+00:00\" \/>\n<meta name=\"twitter:card\" content=\"summary_large_image\" \/>\n<meta name=\"twitter:label1\" content=\"\u05d6\u05de\u05df \u05e7\u05e8\u05d9\u05d0\u05d4 \u05de\u05d5\u05e2\u05e8\u05da\" \/>\n\t<meta name=\"twitter:data1\" content=\"\u05d3\u05e7\u05d41\" \/>\n<script type=\"application\/ld+json\" class=\"yoast-schema-graph\">{\"@context\":\"https:\/\/schema.org\",\"@graph\":[{\"@type\":\"WebPage\",\"@id\":\"https:\/\/archimedys.fr\/nl\/mines-et-metallurgie\/\",\"url\":\"https:\/\/archimedys.fr\/nl\/mines-et-metallurgie\/\",\"name\":\"Mines et m\u00e9tallurgie - Archimedys\",\"isPartOf\":{\"@id\":\"https:\/\/archimedys.fr\/#website\"},\"datePublished\":\"2025-07-08T14:59:43+00:00\",\"dateModified\":\"2025-07-29T15:34:07+00:00\",\"breadcrumb\":{\"@id\":\"https:\/\/archimedys.fr\/nl\/mines-et-metallurgie\/#breadcrumb\"},\"inLanguage\":\"he-IL\",\"potentialAction\":[{\"@type\":\"ReadAction\",\"target\":[\"https:\/\/archimedys.fr\/nl\/mines-et-metallurgie\/\"]}]},{\"@type\":\"BreadcrumbList\",\"@id\":\"https:\/\/archimedys.fr\/nl\/mines-et-metallurgie\/#breadcrumb\",\"itemListElement\":[{\"@type\":\"ListItem\",\"position\":1,\"name\":\"Accueil\",\"item\":\"https:\/\/archimedys.fr\/\"},{\"@type\":\"ListItem\",\"position\":2,\"name\":\"Mines et m\u00e9tallurgie\"}]},{\"@type\":\"WebSite\",\"@id\":\"https:\/\/archimedys.fr\/#website\",\"url\":\"https:\/\/archimedys.fr\/\",\"name\":\"Archimedys\",\"description\":\"\",\"publisher\":{\"@id\":\"https:\/\/archimedys.fr\/#organization\"},\"potentialAction\":[{\"@type\":\"SearchAction\",\"target\":{\"@type\":\"EntryPoint\",\"urlTemplate\":\"https:\/\/archimedys.fr\/?s={search_term_string}\"},\"query-input\":{\"@type\":\"PropertyValueSpecification\",\"valueRequired\":true,\"valueName\":\"search_term_string\"}}],\"inLanguage\":\"he-IL\"},{\"@type\":\"Organization\",\"@id\":\"https:\/\/archimedys.fr\/#organization\",\"name\":\"Archimedys\",\"url\":\"https:\/\/archimedys.fr\/\",\"logo\":{\"@type\":\"ImageObject\",\"inLanguage\":\"he-IL\",\"@id\":\"https:\/\/archimedys.fr\/#\/schema\/logo\/image\/\",\"url\":\"https:\/\/archimedys.fr\/wp-content\/uploads\/2025\/03\/Design-sans-titre.svg\",\"contentUrl\":\"https:\/\/archimedys.fr\/wp-content\/uploads\/2025\/03\/Design-sans-titre.svg\",\"width\":350,\"height\":100,\"caption\":\"Archimedys\"},\"image\":{\"@id\":\"https:\/\/archimedys.fr\/#\/schema\/logo\/image\/\"}}]}<\/script>\n<!-- \/ Yoast SEO plugin. -->","yoast_head_json":{"title":"Mines et m\u00e9tallurgie - Archimedys","robots":{"index":"index","follow":"follow","max-snippet":"max-snippet:-1","max-image-preview":"max-image-preview:large","max-video-preview":"max-video-preview:-1"},"canonical":"https:\/\/archimedys.fr\/he\/mines-et-metallurgie\/","og_locale":"he_IL","og_type":"article","og_title":"Mines et m\u00e9tallurgie - Archimedys","og_description":"L\u2019industrie mini\u00e8re et m\u00e9tallurgique avec Archimedys La vis Archimedys r\u00e9sistante et performante Pour vos applications dans l&rsquo;industrie mini\u00e8re et m\u00e9tallurgique, o\u00f9 vos \u00e9quipements doivent fonctionner dans des conditions extr\u00eames, notre vis Archimedys est exactement adapt\u00e9e \u00e0 vos besoins. Par exemple,","og_url":"https:\/\/archimedys.fr\/he\/mines-et-metallurgie\/","og_site_name":"Archimedys","article_modified_time":"2025-07-29T15:34:07+00:00","twitter_card":"summary_large_image","twitter_misc":{"\u05d6\u05de\u05df \u05e7\u05e8\u05d9\u05d0\u05d4 \u05de\u05d5\u05e2\u05e8\u05da":"\u05d3\u05e7\u05d41"},"schema":{"@context":"https:\/\/schema.org","@graph":[{"@type":"WebPage","@id":"https:\/\/archimedys.fr\/nl\/mines-et-metallurgie\/","url":"https:\/\/archimedys.fr\/nl\/mines-et-metallurgie\/","name":"Mines et m\u00e9tallurgie - Archimedys","isPartOf":{"@id":"https:\/\/archimedys.fr\/#website"},"datePublished":"2025-07-08T14:59:43+00:00","dateModified":"2025-07-29T15:34:07+00:00","breadcrumb":{"@id":"https:\/\/archimedys.fr\/nl\/mines-et-metallurgie\/#breadcrumb"},"inLanguage":"he-IL","potentialAction":[{"@type":"ReadAction","target":["https:\/\/archimedys.fr\/nl\/mines-et-metallurgie\/"]}]},{"@type":"BreadcrumbList","@id":"https:\/\/archimedys.fr\/nl\/mines-et-metallurgie\/#breadcrumb","itemListElement":[{"@type":"ListItem","position":1,"name":"Accueil","item":"https:\/\/archimedys.fr\/"},{"@type":"ListItem","position":2,"name":"Mines et m\u00e9tallurgie"}]},{"@type":"WebSite","@id":"https:\/\/archimedys.fr\/#website","url":"https:\/\/archimedys.fr\/","name":"\u05d0\u05e8\u05db\u05d9\u05de\u05d3\u05d9\u05e1","description":"","publisher":{"@id":"https:\/\/archimedys.fr\/#organization"},"potentialAction":[{"@type":"SearchAction","target":{"@type":"EntryPoint","urlTemplate":"https:\/\/archimedys.fr\/?s={search_term_string}"},"query-input":{"@type":"PropertyValueSpecification","valueRequired":true,"valueName":"search_term_string"}}],"inLanguage":"he-IL"},{"@type":"Organization","@id":"https:\/\/archimedys.fr\/#organization","name":"\u05d0\u05e8\u05db\u05d9\u05de\u05d3\u05d9\u05e1","url":"https:\/\/archimedys.fr\/","logo":{"@type":"ImageObject","inLanguage":"he-IL","@id":"https:\/\/archimedys.fr\/#\/schema\/logo\/image\/","url":"https:\/\/archimedys.fr\/wp-content\/uploads\/2025\/03\/Design-sans-titre.svg","contentUrl":"https:\/\/archimedys.fr\/wp-content\/uploads\/2025\/03\/Design-sans-titre.svg","width":350,"height":100,"caption":"Archimedys"},"image":{"@id":"https:\/\/archimedys.fr\/#\/schema\/logo\/image\/"}}]}},"_links":{"self":[{"href":"https:\/\/archimedys.fr\/he\/wp-json\/wp\/v2\/pages\/595","targetHints":{"allow":["GET"]}}],"collection":[{"href":"https:\/\/archimedys.fr\/he\/wp-json\/wp\/v2\/pages"}],"about":[{"href":"https:\/\/archimedys.fr\/he\/wp-json\/wp\/v2\/types\/page"}],"author":[{"embeddable":true,"href":"https:\/\/archimedys.fr\/he\/wp-json\/wp\/v2\/users\/1"}],"replies":[{"embeddable":true,"href":"https:\/\/archimedys.fr\/he\/wp-json\/wp\/v2\/comments?post=595"}],"version-history":[{"count":22,"href":"https:\/\/archimedys.fr\/he\/wp-json\/wp\/v2\/pages\/595\/revisions"}],"predecessor-version":[{"id":7931,"href":"https:\/\/archimedys.fr\/he\/wp-json\/wp\/v2\/pages\/595\/revisions\/7931"}],"wp:attachment":[{"href":"https:\/\/archimedys.fr\/he\/wp-json\/wp\/v2\/media?parent=595"}],"curies":[{"name":"wp","href":"https:\/\/api.w.org\/{rel}","templated":true}]}}