{"id":593,"date":"2025-07-08T14:58:35","date_gmt":"2025-07-08T14:58:35","guid":{"rendered":"https:\/\/dev.archimedys.fr\/?page_id=593"},"modified":"2025-07-29T15:32:05","modified_gmt":"2025-07-29T15:32:05","slug":"chimie","status":"publish","type":"page","link":"https:\/\/archimedys.fr\/en\/chimie\/","title":{"rendered":"Chemistry"},"content":{"rendered":"<div data-elementor-type=\"wp-page\" data-elementor-id=\"593\" class=\"elementor elementor-593\" data-elementor-post-type=\"page\">\n\t\t\t\t<div class=\"elementor-element elementor-element-8795a33 e-flex e-con-boxed e-con e-parent\" data-id=\"8795a33\" data-element_type=\"container\" data-e-type=\"container\" data-settings=\"{&quot;background_background&quot;:&quot;classic&quot;}\">\n\t\t\t\t\t<div class=\"e-con-inner\">\n\t\t<div class=\"elementor-element elementor-element-19d53dc e-con-full e-flex e-con e-child\" data-id=\"19d53dc\" data-element_type=\"container\" data-e-type=\"container\">\n\t\t\t\t<div class=\"elementor-element elementor-element-db14aa8 elementor-widget elementor-widget-heading\" data-id=\"db14aa8\" data-element_type=\"widget\" data-e-type=\"widget\" data-widget_type=\"heading.default\">\n\t\t\t\t<div class=\"elementor-widget-container\">\n\t\t\t\t\t<h1 class=\"elementor-heading-title elementor-size-default\">The chemical industry and Archimedys<\/h1>\t\t\t\t<\/div>\n\t\t\t\t<\/div>\n\t\t\t\t<\/div>\n\t\t\t\t\t<\/div>\n\t\t\t\t<\/div>\n\t\t<div class=\"elementor-element elementor-element-8112f9d e-flex e-con-boxed e-con e-parent\" data-id=\"8112f9d\" data-element_type=\"container\" data-e-type=\"container\" data-settings=\"{&quot;background_background&quot;:&quot;classic&quot;}\">\n\t\t\t\t\t<div class=\"e-con-inner\">\n\t\t<div class=\"elementor-element elementor-element-eb0f03b e-con-full e-flex e-con e-child\" data-id=\"eb0f03b\" data-element_type=\"container\" data-e-type=\"container\">\n\t\t<div class=\"elementor-element elementor-element-67817e1 e-con-full e-flex e-con e-child\" data-id=\"67817e1\" data-element_type=\"container\" data-e-type=\"container\">\n\t\t\t\t<div class=\"elementor-element elementor-element-1bf7b92 elementor-widget elementor-widget-heading\" data-id=\"1bf7b92\" data-element_type=\"widget\" data-e-type=\"widget\" data-widget_type=\"heading.default\">\n\t\t\t\t<div class=\"elementor-widget-container\">\n\t\t\t\t\t<h2 class=\"elementor-heading-title elementor-size-default\">Archimedys screws resist abrasion and corrosion<\/h2>\t\t\t\t<\/div>\n\t\t\t\t<\/div>\n\t\t\t\t<div class=\"elementor-element elementor-element-ad807fa elementor-widget elementor-widget-text-editor\" data-id=\"ad807fa\" data-element_type=\"widget\" data-e-type=\"widget\" data-widget_type=\"text-editor.default\">\n\t\t\t\t<div class=\"elementor-widget-container\">\n\t\t\t\t\t\t\t\t\t<p class=\"cvGsUA direction-ltr align-center para-style-body\"><span class=\"OYPEnA font-feature-liga-off font-feature-clig-off font-feature-calt-off text-decoration-none text-strikethrough-none\">For your applications in the chemical industry, where your equipment is often subjected to corrosive products, our Archimedys screw is precisely what you need. For example, in the production of acids or bases, it resists corrosion, giving you greater durability and lower maintenance costs.<\/span><\/p><p>\u00a0<\/p><p class=\"cvGsUA direction-ltr align-center para-style-body\"><span class=\"OYPEnA font-feature-liga-off font-feature-clig-off font-feature-calt-off text-decoration-none text-strikethrough-none\">Easy to clean, the Archimedys screw ensures strict hygiene standards and avoids cross-contamination. It also excels in extreme temperatures, operating without freezing down to -25\u00b0C, making it suitable for cold environments while maintaining optimum performance.<\/span><\/p><p>\u00a0<\/p><p class=\"cvGsUA direction-ltr align-center para-style-body\"><span class=\"OYPEnA font-feature-liga-off font-feature-clig-off font-feature-calt-off text-decoration-none text-strikethrough-none\">Our U1 screws are ideal for this type of industry.<\/span><\/p>\t\t\t\t\t\t\t\t<\/div>\n\t\t\t\t<\/div>\n\t\t<div class=\"elementor-element elementor-element-0891b17 e-con-full e-flex e-con e-child\" data-id=\"0891b17\" data-element_type=\"container\" data-e-type=\"container\">\n\t\t\t\t<div class=\"elementor-element elementor-element-2427d50 elementor-align-center elementor-mobile-align-justify elementor-tablet-align-center elementor-widget-mobile__width-inherit elementor-widget elementor-widget-button\" data-id=\"2427d50\" data-element_type=\"widget\" data-e-type=\"widget\" data-widget_type=\"button.default\">\n\t\t\t\t<div class=\"elementor-widget-container\">\n\t\t\t\t\t\t\t\t\t<div class=\"elementor-button-wrapper\">\n\t\t\t\t\t<a class=\"elementor-button elementor-button-link elementor-size-sm\" href=\"https:\/\/archimedys.fr\/en\/calculateur\/\">\n\t\t\t\t\t\t<span class=\"elementor-button-content-wrapper\">\n\t\t\t\t\t\t\t\t\t<span class=\"elementor-button-text\">Calculate my screw type<\/span>\n\t\t\t\t\t<\/span>\n\t\t\t\t\t<\/a>\n\t\t\t\t<\/div>\n\t\t\t\t\t\t\t\t<\/div>\n\t\t\t\t<\/div>\n\t\t\t\t<div class=\"elementor-element elementor-element-678bfaa elementor-align-center elementor-mobile-align-justify elementor-tablet-align-center elementor-widget-mobile__width-inherit elementor-widget elementor-widget-global elementor-global-796 elementor-widget-button\" data-id=\"678bfaa\" data-element_type=\"widget\" data-e-type=\"widget\" data-widget_type=\"button.default\">\n\t\t\t\t<div class=\"elementor-widget-container\">\n\t\t\t\t\t\t\t\t\t<div class=\"elementor-button-wrapper\">\n\t\t\t\t\t<a class=\"elementor-button elementor-button-link elementor-size-sm\" href=\"https:\/\/app.archimedys.com\/\" target=\"_blank\">\n\t\t\t\t\t\t<span class=\"elementor-button-content-wrapper\">\n\t\t\t\t\t\t\t\t\t<span class=\"elementor-button-text\">Catalog<\/span>\n\t\t\t\t\t<\/span>\n\t\t\t\t\t<\/a>\n\t\t\t\t<\/div>\n\t\t\t\t\t\t\t\t<\/div>\n\t\t\t\t<\/div>\n\t\t\t\t<\/div>\n\t\t\t\t<\/div>\n\t\t<div class=\"elementor-element elementor-element-705f8ca e-con-full e-flex e-con e-child\" data-id=\"705f8ca\" data-element_type=\"container\" data-e-type=\"container\" data-settings=\"{&quot;background_background&quot;:&quot;classic&quot;}\">\n\t\t\t\t<\/div>\n\t\t\t\t<\/div>\n\t\t\t\t\t<\/div>\n\t\t\t\t<\/div>\n\t\t<div class=\"elementor-element elementor-element-8cece74 e-flex e-con-boxed e-con e-parent\" data-id=\"8cece74\" data-element_type=\"container\" data-e-type=\"container\" data-settings=\"{&quot;background_background&quot;:&quot;classic&quot;}\">\n\t\t\t\t\t<div class=\"e-con-inner\">\n\t\t<div class=\"elementor-element elementor-element-9b621a9 e-con-full e-flex e-con e-child\" data-id=\"9b621a9\" data-element_type=\"container\" data-e-type=\"container\">\n\t\t\t\t<div class=\"elementor-element elementor-element-71ccd0c elementor-widget elementor-widget-heading\" data-id=\"71ccd0c\" data-element_type=\"widget\" data-e-type=\"widget\" data-widget_type=\"heading.default\">\n\t\t\t\t<div class=\"elementor-widget-container\">\n\t\t\t\t\t<h2 class=\"elementor-heading-title elementor-size-default\">Examples of Archimedys applications in the agricultural industry<\/h2>\t\t\t\t<\/div>\n\t\t\t\t<\/div>\n\t\t\t\t<\/div>\n\t\t\t\t\t<\/div>\n\t\t\t\t<\/div>\n\t\t<div class=\"elementor-element elementor-element-7332c3d e-flex e-con-boxed e-con e-parent\" data-id=\"7332c3d\" data-element_type=\"container\" data-e-type=\"container\" data-settings=\"{&quot;background_background&quot;:&quot;classic&quot;}\">\n\t\t\t\t\t<div class=\"e-con-inner\">\n\t\t<div class=\"elementor-element elementor-element-1b44850 e-con-full e-flex e-con e-child\" data-id=\"1b44850\" data-element_type=\"container\" data-e-type=\"container\">\n\t\t\t\t<div class=\"elementor-element elementor-element-1a084ce elementor-posts--align-left elementor-grid-3 elementor-grid-tablet-2 elementor-grid-mobile-1 elementor-posts--thumbnail-top elementor-posts__hover-gradient elementor-widget elementor-widget-posts\" data-id=\"1a084ce\" data-element_type=\"widget\" data-e-type=\"widget\" data-settings=\"{&quot;cards_row_gap&quot;:{&quot;unit&quot;:&quot;px&quot;,&quot;size&quot;:25,&quot;sizes&quot;:[]},&quot;cards_columns&quot;:&quot;3&quot;,&quot;cards_columns_tablet&quot;:&quot;2&quot;,&quot;cards_columns_mobile&quot;:&quot;1&quot;,&quot;cards_row_gap_tablet&quot;:{&quot;unit&quot;:&quot;px&quot;,&quot;size&quot;:&quot;&quot;,&quot;sizes&quot;:[]},&quot;cards_row_gap_mobile&quot;:{&quot;unit&quot;:&quot;px&quot;,&quot;size&quot;:&quot;&quot;,&quot;sizes&quot;:[]}}\" data-widget_type=\"posts.cards\">\n\t\t\t\t<div class=\"elementor-widget-container\">\n\t\t\t\t\t\t\t<div class=\"elementor-posts-container elementor-posts elementor-posts--skin-cards elementor-grid\" role=\"list\">\n\t\t\t\t<article class=\"elementor-post elementor-grid-item post-7056 post type-post status-publish format-standard has-post-thumbnail hentry category-non-classifiee\" role=\"listitem\">\n\t\t\t<div class=\"elementor-post__card\">\n\t\t\t\t<a class=\"elementor-post__thumbnail__link\" href=\"https:\/\/archimedys.fr\/en\/convoyeur-essai\/\" tabindex=\"-1\" ><div class=\"elementor-post__thumbnail\"><img fetchpriority=\"high\" decoding=\"async\" width=\"768\" height=\"918\" src=\"https:\/\/archimedys.fr\/wp-content\/uploads\/2022\/01\/Un-covoyeur.jpg\" class=\"attachment-full size-full wp-image-7065\" alt=\"Simplifiez la conception de vos convoyeurs\" srcset=\"https:\/\/archimedys.fr\/wp-content\/uploads\/2022\/01\/Un-covoyeur.jpg 768w, https:\/\/archimedys.fr\/wp-content\/uploads\/2022\/01\/Un-covoyeur-251x300.jpg 251w\" sizes=\"(max-width: 768px) 100vw, 768px\" \/><\/div><\/a>\n\t\t\t\t<div class=\"elementor-post__text\">\n\t\t\t\t<p class=\"elementor-post__title\">\n\t\t\t<a href=\"https:\/\/archimedys.fr\/en\/convoyeur-essai\/\" >\n\t\t\t\tA test conveyor for Archimedys\u2122 customers\t\t\t<\/a>\n\t\t<\/p>\n\t\t\t\t<\/div>\n\t\t\t\t<div class=\"elementor-post__meta-data\">\n\t\t\t\t\t<span class=\"elementor-post-date\">\n\t\t\tJanuary 21, 2022\t\t<\/span>\n\t\t\t\t<\/div>\n\t\t\t\t\t<\/div>\n\t\t<\/article>\n\t\t\t\t<article class=\"elementor-post elementor-grid-item post-7040 post type-post status-publish format-standard has-post-thumbnail hentry category-non-classifiee\" role=\"listitem\">\n\t\t\t<div class=\"elementor-post__card\">\n\t\t\t\t<a class=\"elementor-post__thumbnail__link\" href=\"https:\/\/archimedys.fr\/en\/archimedys-depoussierage\/\" tabindex=\"-1\" ><div class=\"elementor-post__thumbnail\"><img decoding=\"async\" width=\"768\" height=\"969\" src=\"https:\/\/archimedys.fr\/wp-content\/uploads\/2022\/01\/Archi-installe.jpg\" class=\"attachment-full size-full wp-image-7067\" alt=\"Simplifiez la conception de vos convoyeurs\" srcset=\"https:\/\/archimedys.fr\/wp-content\/uploads\/2022\/01\/Archi-installe.jpg 768w, https:\/\/archimedys.fr\/wp-content\/uploads\/2022\/01\/Archi-installe-238x300.jpg 238w\" sizes=\"(max-width: 768px) 100vw, 768px\" \/><\/div><\/a>\n\t\t\t\t<div class=\"elementor-post__text\">\n\t\t\t\t<p class=\"elementor-post__title\">\n\t\t\t<a href=\"https:\/\/archimedys.fr\/en\/archimedys-depoussierage\/\" >\n\t\t\t\tArchimedys\u2122 installs dust collection equipment\t\t\t<\/a>\n\t\t<\/p>\n\t\t\t\t<\/div>\n\t\t\t\t<div class=\"elementor-post__meta-data\">\n\t\t\t\t\t<span class=\"elementor-post-date\">\n\t\t\tJanuary 3, 2022\t\t<\/span>\n\t\t\t\t<\/div>\n\t\t\t\t\t<\/div>\n\t\t<\/article>\n\t\t\t\t<article class=\"elementor-post elementor-grid-item post-6975 post type-post status-publish format-standard has-post-thumbnail hentry category-non-classifiee\" role=\"listitem\">\n\t\t\t<div class=\"elementor-post__card\">\n\t\t\t\t<a class=\"elementor-post__thumbnail__link\" href=\"https:\/\/archimedys.fr\/en\/transport-de-copeaux-metalliques-avec-archimedys\/\" tabindex=\"-1\" ><div class=\"elementor-post__thumbnail\"><img decoding=\"async\" width=\"587\" height=\"332\" src=\"https:\/\/archimedys.fr\/wp-content\/uploads\/2021\/07\/transport-copeaux.jpg\" class=\"attachment-full size-full wp-image-7229\" alt=\"Simplifiez la conception de vos convoyeurs\" srcset=\"https:\/\/archimedys.fr\/wp-content\/uploads\/2021\/07\/transport-copeaux.jpg 587w, https:\/\/archimedys.fr\/wp-content\/uploads\/2021\/07\/transport-copeaux-300x170.jpg 300w\" sizes=\"(max-width: 587px) 100vw, 587px\" \/><\/div><\/a>\n\t\t\t\t<div class=\"elementor-post__text\">\n\t\t\t\t<p class=\"elementor-post__title\">\n\t\t\t<a href=\"https:\/\/archimedys.fr\/en\/transport-de-copeaux-metalliques-avec-archimedys\/\" >\n\t\t\t\tTransporting metal chips with Archimedys\u2122\t\t\t<\/a>\n\t\t<\/p>\n\t\t\t\t<\/div>\n\t\t\t\t<div class=\"elementor-post__meta-data\">\n\t\t\t\t\t<span class=\"elementor-post-date\">\n\t\t\tJuly 15, 2021\t\t<\/span>\n\t\t\t\t<\/div>\n\t\t\t\t\t<\/div>\n\t\t<\/article>\n\t\t\t\t<\/div>\n\t\t\n\t\t\t\t\t\t<\/div>\n\t\t\t\t<\/div>\n\t\t\t\t<div class=\"elementor-element elementor-element-5f423ab elementor-align-center elementor-tablet-align-center elementor-mobile-align-center elementor-widget elementor-widget-button\" data-id=\"5f423ab\" data-element_type=\"widget\" data-e-type=\"widget\" data-widget_type=\"button.default\">\n\t\t\t\t<div class=\"elementor-widget-container\">\n\t\t\t\t\t\t\t\t\t<div class=\"elementor-button-wrapper\">\n\t\t\t\t\t<a class=\"elementor-button elementor-button-link elementor-size-sm\" href=\"https:\/\/archimedys.fr\/en\/realisations\/\">\n\t\t\t\t\t\t<span class=\"elementor-button-content-wrapper\">\n\t\t\t\t\t\t\t\t\t<span class=\"elementor-button-text\">See more<\/span>\n\t\t\t\t\t<\/span>\n\t\t\t\t\t<\/a>\n\t\t\t\t<\/div>\n\t\t\t\t\t\t\t\t<\/div>\n\t\t\t\t<\/div>\n\t\t\t\t<\/div>\n\t\t\t\t\t<\/div>\n\t\t\t\t<\/div>\n\t\t\t\t<\/div>","protected":false},"excerpt":{"rendered":"<p>The chemical industry and Archimedys The Archimedys screw resists abrasion and corrosion For your applications in the chemical industry, where your equipment is often subjected to corrosive products, our Archimedys screw is precisely what you need. For example, our<\/p>","protected":false},"author":1,"featured_media":0,"parent":0,"menu_order":0,"comment_status":"closed","ping_status":"closed","template":"elementor_header_footer","meta":{"_acf_changed":false,"footnotes":""},"class_list":["post-593","page","type-page","status-publish","hentry"],"acf":[],"yoast_head":"<!-- This site is optimized with the Yoast SEO plugin v27.2 - https:\/\/yoast.com\/product\/yoast-seo-wordpress\/ -->\n<title>Chimie - Archimedys<\/title>\n<meta name=\"robots\" content=\"index, follow, max-snippet:-1, max-image-preview:large, max-video-preview:-1\" \/>\n<link rel=\"canonical\" href=\"https:\/\/archimedys.fr\/en\/chimie\/\" \/>\n<meta property=\"og:locale\" content=\"en_US\" \/>\n<meta property=\"og:type\" content=\"article\" \/>\n<meta property=\"og:title\" content=\"Chimie - Archimedys\" \/>\n<meta property=\"og:description\" content=\"L\u2019industrie chimique et Archimedys La vis Archimedys r\u00e9siste \u00e0 l\u2019abrasion et \u00e0 la corrosion Pour vos applications dans l&rsquo;industrie chimique, o\u00f9 vos \u00e9quipements sont souvent soumis \u00e0 des produits corrosifs, notre vis Archimedys r\u00e9pond pr\u00e9cis\u00e9ment \u00e0 vos besoins. Par exemple,\" \/>\n<meta property=\"og:url\" content=\"https:\/\/archimedys.fr\/en\/chimie\/\" \/>\n<meta property=\"og:site_name\" content=\"Archimedys\" \/>\n<meta property=\"article:modified_time\" content=\"2025-07-29T15:32:05+00:00\" \/>\n<meta name=\"twitter:card\" content=\"summary_large_image\" \/>\n<meta name=\"twitter:label1\" content=\"Est. reading time\" \/>\n\t<meta name=\"twitter:data1\" content=\"1 minute\" \/>\n<script type=\"application\/ld+json\" class=\"yoast-schema-graph\">{\"@context\":\"https:\/\/schema.org\",\"@graph\":[{\"@type\":\"WebPage\",\"@id\":\"https:\/\/archimedys.fr\/fi\/chimie\/\",\"url\":\"https:\/\/archimedys.fr\/fi\/chimie\/\",\"name\":\"Chimie - Archimedys\",\"isPartOf\":{\"@id\":\"https:\/\/archimedys.fr\/#website\"},\"datePublished\":\"2025-07-08T14:58:35+00:00\",\"dateModified\":\"2025-07-29T15:32:05+00:00\",\"breadcrumb\":{\"@id\":\"https:\/\/archimedys.fr\/fi\/chimie\/#breadcrumb\"},\"inLanguage\":\"en-US\",\"potentialAction\":[{\"@type\":\"ReadAction\",\"target\":[\"https:\/\/archimedys.fr\/fi\/chimie\/\"]}]},{\"@type\":\"BreadcrumbList\",\"@id\":\"https:\/\/archimedys.fr\/fi\/chimie\/#breadcrumb\",\"itemListElement\":[{\"@type\":\"ListItem\",\"position\":1,\"name\":\"Accueil\",\"item\":\"https:\/\/archimedys.fr\/\"},{\"@type\":\"ListItem\",\"position\":2,\"name\":\"Chimie\"}]},{\"@type\":\"WebSite\",\"@id\":\"https:\/\/archimedys.fr\/#website\",\"url\":\"https:\/\/archimedys.fr\/\",\"name\":\"Archimedys\",\"description\":\"\",\"publisher\":{\"@id\":\"https:\/\/archimedys.fr\/#organization\"},\"potentialAction\":[{\"@type\":\"SearchAction\",\"target\":{\"@type\":\"EntryPoint\",\"urlTemplate\":\"https:\/\/archimedys.fr\/?s={search_term_string}\"},\"query-input\":{\"@type\":\"PropertyValueSpecification\",\"valueRequired\":true,\"valueName\":\"search_term_string\"}}],\"inLanguage\":\"en-US\"},{\"@type\":\"Organization\",\"@id\":\"https:\/\/archimedys.fr\/#organization\",\"name\":\"Archimedys\",\"url\":\"https:\/\/archimedys.fr\/\",\"logo\":{\"@type\":\"ImageObject\",\"inLanguage\":\"en-US\",\"@id\":\"https:\/\/archimedys.fr\/#\/schema\/logo\/image\/\",\"url\":\"https:\/\/archimedys.fr\/wp-content\/uploads\/2025\/03\/Design-sans-titre.svg\",\"contentUrl\":\"https:\/\/archimedys.fr\/wp-content\/uploads\/2025\/03\/Design-sans-titre.svg\",\"width\":350,\"height\":100,\"caption\":\"Archimedys\"},\"image\":{\"@id\":\"https:\/\/archimedys.fr\/#\/schema\/logo\/image\/\"}}]}<\/script>\n<!-- \/ Yoast SEO plugin. -->","yoast_head_json":{"title":"Chemistry - Archimedys","robots":{"index":"index","follow":"follow","max-snippet":"max-snippet:-1","max-image-preview":"max-image-preview:large","max-video-preview":"max-video-preview:-1"},"canonical":"https:\/\/archimedys.fr\/en\/chimie\/","og_locale":"en_US","og_type":"article","og_title":"Chimie - Archimedys","og_description":"L\u2019industrie chimique et Archimedys La vis Archimedys r\u00e9siste \u00e0 l\u2019abrasion et \u00e0 la corrosion Pour vos applications dans l&rsquo;industrie chimique, o\u00f9 vos \u00e9quipements sont souvent soumis \u00e0 des produits corrosifs, notre vis Archimedys r\u00e9pond pr\u00e9cis\u00e9ment \u00e0 vos besoins. Par exemple,","og_url":"https:\/\/archimedys.fr\/en\/chimie\/","og_site_name":"Archimedys","article_modified_time":"2025-07-29T15:32:05+00:00","twitter_card":"summary_large_image","twitter_misc":{"Est. reading time":"1 minute"},"schema":{"@context":"https:\/\/schema.org","@graph":[{"@type":"WebPage","@id":"https:\/\/archimedys.fr\/fi\/chimie\/","url":"https:\/\/archimedys.fr\/fi\/chimie\/","name":"Chemistry - Archimedys","isPartOf":{"@id":"https:\/\/archimedys.fr\/#website"},"datePublished":"2025-07-08T14:58:35+00:00","dateModified":"2025-07-29T15:32:05+00:00","breadcrumb":{"@id":"https:\/\/archimedys.fr\/fi\/chimie\/#breadcrumb"},"inLanguage":"en-US","potentialAction":[{"@type":"ReadAction","target":["https:\/\/archimedys.fr\/fi\/chimie\/"]}]},{"@type":"BreadcrumbList","@id":"https:\/\/archimedys.fr\/fi\/chimie\/#breadcrumb","itemListElement":[{"@type":"ListItem","position":1,"name":"Accueil","item":"https:\/\/archimedys.fr\/"},{"@type":"ListItem","position":2,"name":"Chimie"}]},{"@type":"WebSite","@id":"https:\/\/archimedys.fr\/#website","url":"https:\/\/archimedys.fr\/","name":"Archimedys","description":"","publisher":{"@id":"https:\/\/archimedys.fr\/#organization"},"potentialAction":[{"@type":"SearchAction","target":{"@type":"EntryPoint","urlTemplate":"https:\/\/archimedys.fr\/?s={search_term_string}"},"query-input":{"@type":"PropertyValueSpecification","valueRequired":true,"valueName":"search_term_string"}}],"inLanguage":"en-US"},{"@type":"Organization","@id":"https:\/\/archimedys.fr\/#organization","name":"Archimedys","url":"https:\/\/archimedys.fr\/","logo":{"@type":"ImageObject","inLanguage":"en-US","@id":"https:\/\/archimedys.fr\/#\/schema\/logo\/image\/","url":"https:\/\/archimedys.fr\/wp-content\/uploads\/2025\/03\/Design-sans-titre.svg","contentUrl":"https:\/\/archimedys.fr\/wp-content\/uploads\/2025\/03\/Design-sans-titre.svg","width":350,"height":100,"caption":"Archimedys"},"image":{"@id":"https:\/\/archimedys.fr\/#\/schema\/logo\/image\/"}}]}},"_links":{"self":[{"href":"https:\/\/archimedys.fr\/en\/wp-json\/wp\/v2\/pages\/593","targetHints":{"allow":["GET"]}}],"collection":[{"href":"https:\/\/archimedys.fr\/en\/wp-json\/wp\/v2\/pages"}],"about":[{"href":"https:\/\/archimedys.fr\/en\/wp-json\/wp\/v2\/types\/page"}],"author":[{"embeddable":true,"href":"https:\/\/archimedys.fr\/en\/wp-json\/wp\/v2\/users\/1"}],"replies":[{"embeddable":true,"href":"https:\/\/archimedys.fr\/en\/wp-json\/wp\/v2\/comments?post=593"}],"version-history":[{"count":25,"href":"https:\/\/archimedys.fr\/en\/wp-json\/wp\/v2\/pages\/593\/revisions"}],"predecessor-version":[{"id":7925,"href":"https:\/\/archimedys.fr\/en\/wp-json\/wp\/v2\/pages\/593\/revisions\/7925"}],"wp:attachment":[{"href":"https:\/\/archimedys.fr\/en\/wp-json\/wp\/v2\/media?parent=593"}],"curies":[{"name":"wp","href":"https:\/\/api.w.org\/{rel}","templated":true}]}}