{"id":8331,"date":"2025-09-09T08:29:18","date_gmt":"2025-09-09T08:29:18","guid":{"rendered":"https:\/\/archimedys.fr\/?page_id=8331"},"modified":"2025-09-09T08:42:46","modified_gmt":"2025-09-09T08:42:46","slug":"confirmation-calculateur","status":"publish","type":"page","link":"https:\/\/archimedys.fr\/de\/confirmation-calculateur\/","title":{"rendered":"Confirmation Calculateur"},"content":{"rendered":"<div data-elementor-type=\"wp-page\" data-elementor-id=\"8331\" class=\"elementor elementor-8331\" data-elementor-post-type=\"page\">\n\t\t\t\t<div class=\"elementor-element elementor-element-2e42998 e-flex e-con-boxed e-con e-parent\" data-id=\"2e42998\" data-element_type=\"container\" data-e-type=\"container\">\n\t\t\t\t\t<div class=\"e-con-inner\">\n\t\t\t\t<div class=\"elementor-element elementor-element-cd7717a elementor-view-default elementor-position-block-start elementor-mobile-position-block-start elementor-widget elementor-widget-icon-box\" data-id=\"cd7717a\" data-element_type=\"widget\" data-e-type=\"widget\" data-widget_type=\"icon-box.default\">\n\t\t\t\t<div class=\"elementor-widget-container\">\n\t\t\t\t\t\t\t<div class=\"elementor-icon-box-wrapper\">\n\n\t\t\t\t\t\t<div class=\"elementor-icon-box-icon\">\n\t\t\t\t<a href=\"https:\/\/archimedys.fr\/de\/\" class=\"elementor-icon\" tabindex=\"-1\" aria-label=\"Formular gesendet!\">\n\t\t\t\t<svg aria-hidden=\"true\" class=\"e-font-icon-svg e-fas-check\" viewbox=\"0 0 512 512\" xmlns=\"http:\/\/www.w3.org\/2000\/svg\"><path d=\"M173.898 439.404l-166.4-166.4c-9.997-9.997-9.997-26.206 0-36.204l36.203-36.204c9.997-9.998 26.207-9.998 36.204 0L192 312.69 432.095 72.596c9.997-9.997 26.207-9.997 36.204 0l36.203 36.204c9.997 9.997 9.997 26.206 0 36.204l-294.4 294.401c-9.998 9.997-26.207 9.997-36.204-.001z\"><\/path><\/svg>\t\t\t\t<\/a>\n\t\t\t<\/div>\n\t\t\t\n\t\t\t\t\t\t<div class=\"elementor-icon-box-content\">\n\n\t\t\t\t\t\t\t\t\t<h3 class=\"elementor-icon-box-title\">\n\t\t\t\t\t\t<a href=\"https:\/\/archimedys.fr\/de\/\" >\n\t\t\t\t\t\t\tFormular gesendet!\t\t\t\t\t\t<\/a>\n\t\t\t\t\t<\/h3>\n\t\t\t\t\n\t\t\t\t\t\t\t\t\t<p class=\"elementor-icon-box-description\">\n\t\t\t\t\t\tWir danken Ihnen f\u00fcr Ihr Interesse an Archimedys\u2122, der modularen archimedischen Schraube!\nSie werden eine Zusammenfassung Ihrer Daten in Ihrer Mailbox erhalten.\nWir werden uns so bald wie m\u00f6glich mit Ihnen in Verbindung setzen.\t\t\t\t\t<\/p>\n\t\t\t\t\n\t\t\t<\/div>\n\t\t\t\n\t\t<\/div>\n\t\t\t\t\t\t<\/div>\n\t\t\t\t<\/div>\n\t\t\t\t<div class=\"elementor-element elementor-element-b7aae84 elementor-align-center elementor-tablet-align-center elementor-mobile-align-justify elementor-widget-mobile__width-initial elementor-widget elementor-widget-button\" data-id=\"b7aae84\" data-element_type=\"widget\" data-e-type=\"widget\" data-widget_type=\"button.default\">\n\t\t\t\t<div class=\"elementor-widget-container\">\n\t\t\t\t\t\t\t\t\t<div class=\"elementor-button-wrapper\">\n\t\t\t\t\t<a class=\"elementor-button elementor-button-link elementor-size-sm\" href=\"https:\/\/archimedys.fr\/de\/\">\n\t\t\t\t\t\t<span class=\"elementor-button-content-wrapper\">\n\t\t\t\t\t\t\t\t\t<span class=\"elementor-button-text\">Zur\u00fcck zur Startseite<\/span>\n\t\t\t\t\t<\/span>\n\t\t\t\t\t<\/a>\n\t\t\t\t<\/div>\n\t\t\t\t\t\t\t\t<\/div>\n\t\t\t\t<\/div>\n\t\t<div class=\"elementor-element elementor-element-eec7071 e-con-full e-flex e-con e-child\" data-id=\"eec7071\" data-element_type=\"container\" data-e-type=\"container\">\n\t\t\t\t<div class=\"elementor-element elementor-element-01a5878 elementor-widget elementor-widget-text-editor\" data-id=\"01a5878\" data-element_type=\"widget\" data-e-type=\"widget\" data-widget_type=\"text-editor.default\">\n\t\t\t\t<div class=\"elementor-widget-container\">\n\t\t\t\t\t\t\t\t\t<p><b>Keine E-Mail erhalten?<\/b>\u00a0\u00dcberpr\u00fcfen Sie Ihre Angaben oder klicken Sie hier f\u00fcr uns\u00a0<a href=\"https:\/\/archimedys.fr\/de\/contact\/\">kontaktieren Sie<\/a>.<\/p>\t\t\t\t\t\t\t\t<\/div>\n\t\t\t\t<\/div>\n\t\t\t\t<\/div>\n\t\t\t\t\t<\/div>\n\t\t\t\t<\/div>\n\t\t\t\t<\/div>","protected":false},"excerpt":{"rendered":"<p>Formulaire envoy\u00e9 ! Nous vous remercions pour l&rsquo;int\u00e9r\u00eat port\u00e9 \u00e0 Archimedys\u2122, vis d&rsquo;Archim\u00e8de modulaire ! Vous allez recevoir un r\u00e9capitulatif de vos donn\u00e9es dans votre boite mail. Nous vous recontactons dans les plus brefs d\u00e9lais. Revenir \u00e0 l&rsquo;accueil Aucun e-mail re\u00e7u ?\u00a0V\u00e9rifiez vos informations ou cliquez ici pour nous\u00a0contacter.<\/p>","protected":false},"author":1,"featured_media":0,"parent":0,"menu_order":0,"comment_status":"closed","ping_status":"closed","template":"elementor_header_footer","meta":{"_acf_changed":false,"footnotes":""},"class_list":["post-8331","page","type-page","status-publish","hentry"],"acf":[],"yoast_head":"<!-- This site is optimized with the Yoast SEO plugin v27.2 - https:\/\/yoast.com\/product\/yoast-seo-wordpress\/ -->\n<title>Confirmation Calculateur - Archimedys<\/title>\n<meta name=\"robots\" content=\"index, follow, max-snippet:-1, max-image-preview:large, max-video-preview:-1\" \/>\n<link rel=\"canonical\" href=\"https:\/\/archimedys.fr\/de\/confirmation-calculateur\/\" \/>\n<meta property=\"og:locale\" content=\"de_DE\" \/>\n<meta property=\"og:type\" content=\"article\" \/>\n<meta property=\"og:title\" content=\"Confirmation Calculateur - Archimedys\" \/>\n<meta property=\"og:description\" content=\"Formulaire envoy\u00e9 ! Nous vous remercions pour l&rsquo;int\u00e9r\u00eat port\u00e9 \u00e0 Archimedys\u2122, vis d&rsquo;Archim\u00e8de modulaire ! Vous allez recevoir un r\u00e9capitulatif de vos donn\u00e9es dans votre boite mail. Nous vous recontactons dans les plus brefs d\u00e9lais. Revenir \u00e0 l&rsquo;accueil Aucun e-mail re\u00e7u ?\u00a0V\u00e9rifiez vos informations ou cliquez ici pour nous\u00a0contacter.\" \/>\n<meta property=\"og:url\" content=\"https:\/\/archimedys.fr\/de\/confirmation-calculateur\/\" \/>\n<meta property=\"og:site_name\" content=\"Archimedys\" \/>\n<meta property=\"article:modified_time\" content=\"2025-09-09T08:42:46+00:00\" \/>\n<meta name=\"twitter:card\" content=\"summary_large_image\" \/>\n<meta name=\"twitter:label1\" content=\"Gesch\u00e4tzte Lesezeit\" \/>\n\t<meta name=\"twitter:data1\" content=\"1\u00a0Minute\" \/>\n<script type=\"application\/ld+json\" class=\"yoast-schema-graph\">{\"@context\":\"https:\/\/schema.org\",\"@graph\":[{\"@type\":\"WebPage\",\"@id\":\"https:\/\/archimedys.fr\/confirmation-calculateur\/\",\"url\":\"https:\/\/archimedys.fr\/confirmation-calculateur\/\",\"name\":\"Confirmation Calculateur - Archimedys\",\"isPartOf\":{\"@id\":\"https:\/\/archimedys.fr\/#website\"},\"datePublished\":\"2025-09-09T08:29:18+00:00\",\"dateModified\":\"2025-09-09T08:42:46+00:00\",\"breadcrumb\":{\"@id\":\"https:\/\/archimedys.fr\/confirmation-calculateur\/#breadcrumb\"},\"inLanguage\":\"de\",\"potentialAction\":[{\"@type\":\"ReadAction\",\"target\":[\"https:\/\/archimedys.fr\/confirmation-calculateur\/\"]}]},{\"@type\":\"BreadcrumbList\",\"@id\":\"https:\/\/archimedys.fr\/confirmation-calculateur\/#breadcrumb\",\"itemListElement\":[{\"@type\":\"ListItem\",\"position\":1,\"name\":\"Accueil\",\"item\":\"https:\/\/archimedys.fr\/\"},{\"@type\":\"ListItem\",\"position\":2,\"name\":\"Confirmation Calculateur\"}]},{\"@type\":\"WebSite\",\"@id\":\"https:\/\/archimedys.fr\/#website\",\"url\":\"https:\/\/archimedys.fr\/\",\"name\":\"Archimedys\",\"description\":\"\",\"publisher\":{\"@id\":\"https:\/\/archimedys.fr\/#organization\"},\"potentialAction\":[{\"@type\":\"SearchAction\",\"target\":{\"@type\":\"EntryPoint\",\"urlTemplate\":\"https:\/\/archimedys.fr\/?s={search_term_string}\"},\"query-input\":{\"@type\":\"PropertyValueSpecification\",\"valueRequired\":true,\"valueName\":\"search_term_string\"}}],\"inLanguage\":\"de\"},{\"@type\":\"Organization\",\"@id\":\"https:\/\/archimedys.fr\/#organization\",\"name\":\"Archimedys\",\"url\":\"https:\/\/archimedys.fr\/\",\"logo\":{\"@type\":\"ImageObject\",\"inLanguage\":\"de\",\"@id\":\"https:\/\/archimedys.fr\/#\/schema\/logo\/image\/\",\"url\":\"https:\/\/archimedys.fr\/wp-content\/uploads\/2025\/03\/Design-sans-titre.svg\",\"contentUrl\":\"https:\/\/archimedys.fr\/wp-content\/uploads\/2025\/03\/Design-sans-titre.svg\",\"width\":350,\"height\":100,\"caption\":\"Archimedys\"},\"image\":{\"@id\":\"https:\/\/archimedys.fr\/#\/schema\/logo\/image\/\"}}]}<\/script>\n<!-- \/ Yoast SEO plugin. -->","yoast_head_json":{"title":"Confirmation Calculateur - Archimedys","robots":{"index":"index","follow":"follow","max-snippet":"max-snippet:-1","max-image-preview":"max-image-preview:large","max-video-preview":"max-video-preview:-1"},"canonical":"https:\/\/archimedys.fr\/de\/confirmation-calculateur\/","og_locale":"de_DE","og_type":"article","og_title":"Confirmation Calculateur - Archimedys","og_description":"Formulaire envoy\u00e9 ! Nous vous remercions pour l&rsquo;int\u00e9r\u00eat port\u00e9 \u00e0 Archimedys\u2122, vis d&rsquo;Archim\u00e8de modulaire ! Vous allez recevoir un r\u00e9capitulatif de vos donn\u00e9es dans votre boite mail. Nous vous recontactons dans les plus brefs d\u00e9lais. Revenir \u00e0 l&rsquo;accueil Aucun e-mail re\u00e7u ?\u00a0V\u00e9rifiez vos informations ou cliquez ici pour nous\u00a0contacter.","og_url":"https:\/\/archimedys.fr\/de\/confirmation-calculateur\/","og_site_name":"Archimedys","article_modified_time":"2025-09-09T08:42:46+00:00","twitter_card":"summary_large_image","twitter_misc":{"Gesch\u00e4tzte Lesezeit":"1\u00a0Minute"},"schema":{"@context":"https:\/\/schema.org","@graph":[{"@type":"WebPage","@id":"https:\/\/archimedys.fr\/confirmation-calculateur\/","url":"https:\/\/archimedys.fr\/confirmation-calculateur\/","name":"Confirmation Calculateur - Archimedys","isPartOf":{"@id":"https:\/\/archimedys.fr\/#website"},"datePublished":"2025-09-09T08:29:18+00:00","dateModified":"2025-09-09T08:42:46+00:00","breadcrumb":{"@id":"https:\/\/archimedys.fr\/confirmation-calculateur\/#breadcrumb"},"inLanguage":"de","potentialAction":[{"@type":"ReadAction","target":["https:\/\/archimedys.fr\/confirmation-calculateur\/"]}]},{"@type":"BreadcrumbList","@id":"https:\/\/archimedys.fr\/confirmation-calculateur\/#breadcrumb","itemListElement":[{"@type":"ListItem","position":1,"name":"Accueil","item":"https:\/\/archimedys.fr\/"},{"@type":"ListItem","position":2,"name":"Confirmation Calculateur"}]},{"@type":"WebSite","@id":"https:\/\/archimedys.fr\/#website","url":"https:\/\/archimedys.fr\/","name":"Archimedys","description":"","publisher":{"@id":"https:\/\/archimedys.fr\/#organization"},"potentialAction":[{"@type":"SearchAction","target":{"@type":"EntryPoint","urlTemplate":"https:\/\/archimedys.fr\/?s={search_term_string}"},"query-input":{"@type":"PropertyValueSpecification","valueRequired":true,"valueName":"search_term_string"}}],"inLanguage":"de"},{"@type":"Organization","@id":"https:\/\/archimedys.fr\/#organization","name":"Archimedys","url":"https:\/\/archimedys.fr\/","logo":{"@type":"ImageObject","inLanguage":"de","@id":"https:\/\/archimedys.fr\/#\/schema\/logo\/image\/","url":"https:\/\/archimedys.fr\/wp-content\/uploads\/2025\/03\/Design-sans-titre.svg","contentUrl":"https:\/\/archimedys.fr\/wp-content\/uploads\/2025\/03\/Design-sans-titre.svg","width":350,"height":100,"caption":"Archimedys"},"image":{"@id":"https:\/\/archimedys.fr\/#\/schema\/logo\/image\/"}}]}},"_links":{"self":[{"href":"https:\/\/archimedys.fr\/de\/wp-json\/wp\/v2\/pages\/8331","targetHints":{"allow":["GET"]}}],"collection":[{"href":"https:\/\/archimedys.fr\/de\/wp-json\/wp\/v2\/pages"}],"about":[{"href":"https:\/\/archimedys.fr\/de\/wp-json\/wp\/v2\/types\/page"}],"author":[{"embeddable":true,"href":"https:\/\/archimedys.fr\/de\/wp-json\/wp\/v2\/users\/1"}],"replies":[{"embeddable":true,"href":"https:\/\/archimedys.fr\/de\/wp-json\/wp\/v2\/comments?post=8331"}],"version-history":[{"count":7,"href":"https:\/\/archimedys.fr\/de\/wp-json\/wp\/v2\/pages\/8331\/revisions"}],"predecessor-version":[{"id":8339,"href":"https:\/\/archimedys.fr\/de\/wp-json\/wp\/v2\/pages\/8331\/revisions\/8339"}],"wp:attachment":[{"href":"https:\/\/archimedys.fr\/de\/wp-json\/wp\/v2\/media?parent=8331"}],"curies":[{"name":"wp","href":"https:\/\/api.w.org\/{rel}","templated":true}]}}